{"id":674,"date":"2015-04-24T17:55:07","date_gmt":"2015-04-24T17:55:07","guid":{"rendered":"http:\/\/www.art-events.de\/weblog\/?page_id=674"},"modified":"2020-11-07T18:37:14","modified_gmt":"2020-11-07T18:37:14","slug":"ueber-uns","status":"publish","type":"page","link":"https:\/\/www.art-events.de\/weblog\/ueber-uns\/","title":{"rendered":"\u00dcber uns"},"content":{"rendered":"<p><a href=\"http:\/\/www.art-events.de\/weblog\/wp-content\/uploads\/2020\/11\/201106presse.jpg\"><img loading=\"lazy\" decoding=\"async\" class=\"alignnone size-full wp-image-1747\" src=\"http:\/\/www.art-events.de\/weblog\/wp-content\/uploads\/2020\/11\/201106presse.jpg\" alt=\"\" width=\"600\" height=\"421\" srcset=\"https:\/\/www.art-events.de\/weblog\/wp-content\/uploads\/2020\/11\/201106presse.jpg 600w, https:\/\/www.art-events.de\/weblog\/wp-content\/uploads\/2020\/11\/201106presse-300x211.jpg 300w\" sizes=\"auto, (max-width: 600px) 100vw, 600px\" \/><\/a><\/p>\n<p>Presse Blog von AE SYSTEME www.terminal-systems.de. Hier schreiben wir \u00fcber<\/p>\n<ul>\n<li>News aus der Welt von Embedded IT,<\/li>\n<li>Infos \u00fcber Hard- und Software f\u00fcr Unternehmen und Gewerbe &#8211;<\/li>\n<li>Embedded Technologie f\u00fcr Business<\/li>\n<li>Unternehmensnachrichten<\/li>\n<\/ul>\n<p>Dazu z\u00e4hlen z.B. der Panel PC unter Linux u. Java f\u00fcr die Maschine zur Erfassung von Laufzeiten und Arbeitsauftr\u00e4gen, das RFID SQL Terminal f\u00fcr Zeiterfassung, An- und Abmeldung, Datenlogger f\u00fcr Smart Metering von Strom, Leistung und Verbrauchsdaten oder die PC Lagerverwaltung f\u00fcr Windows PC, um Artikel, Waren und Best\u00e4nde zu verwalten und organisieren uvam. Dazu z\u00e4hlen auch gleicherma\u00dfen Informationen von und f\u00fcr die Belegschaft und f\u00fcr damit verbundene Personen.<\/p>\n<p>Der Vollst\u00e4ndigkeit halber sei noch erw\u00e4hnt: Bilder zeigen Beispiele und alle Angaben auf diesen Seiten ohne Gew\u00e4hr. Wir stellen alles nach bestem Wissen und Gewissen zusammen &#8211; aber wir \u00fcbernehmen keine Haftung f\u00fcr irgendwelche Schwierigkeiten, die sich aus der Nutzung der Informationen ergeben.<\/p>\n<p><a href=\"https:\/\/www.art-events.de\/weblog\/wp-login.php\">Service Login<\/a><\/p>\n","protected":false},"excerpt":{"rendered":"<p>Presse Blog von AE SYSTEME www.terminal-systems.de. Hier schreiben wir \u00fcber News aus der Welt von Embedded IT, Infos \u00fcber Hard- und Software f\u00fcr Unternehmen und Gewerbe &#8211; Embedded Technologie f\u00fcr Business Unternehmensnachrichten Dazu z\u00e4hlen z.B. der Panel PC unter Linux u. Java f\u00fcr die Maschine zur Erfassung von Laufzeiten und Arbeitsauftr\u00e4gen, das RFID SQL Terminal [&hellip;]<\/p>\n","protected":false},"author":1,"featured_media":0,"parent":0,"menu_order":0,"comment_status":"closed","ping_status":"open","template":"","meta":{"footnotes":""},"class_list":["post-674","page","type-page","status-publish","hentry","entry"],"_links":{"self":[{"href":"https:\/\/www.art-events.de\/weblog\/wp-json\/wp\/v2\/pages\/674","targetHints":{"allow":["GET"]}}],"collection":[{"href":"https:\/\/www.art-events.de\/weblog\/wp-json\/wp\/v2\/pages"}],"about":[{"href":"https:\/\/www.art-events.de\/weblog\/wp-json\/wp\/v2\/types\/page"}],"author":[{"embeddable":true,"href":"https:\/\/www.art-events.de\/weblog\/wp-json\/wp\/v2\/users\/1"}],"replies":[{"embeddable":true,"href":"https:\/\/www.art-events.de\/weblog\/wp-json\/wp\/v2\/comments?post=674"}],"version-history":[{"count":0,"href":"https:\/\/www.art-events.de\/weblog\/wp-json\/wp\/v2\/pages\/674\/revisions"}],"wp:attachment":[{"href":"https:\/\/www.art-events.de\/weblog\/wp-json\/wp\/v2\/media?parent=674"}],"curies":[{"name":"wp","href":"https:\/\/api.w.org\/{rel}","templated":true}]}}