{"id":3463,"date":"2025-03-19T12:21:03","date_gmt":"2025-03-19T11:21:03","guid":{"rendered":"https:\/\/www.art-events.de\/weblog\/?page_id=3463"},"modified":"2025-04-09T20:13:19","modified_gmt":"2025-04-09T18:13:19","slug":"bilder-videos-marketing","status":"publish","type":"page","link":"https:\/\/www.art-events.de\/weblog\/bilder-videos-marketing\/","title":{"rendered":"Bilder &#8211; Videos &#8211; Marketing"},"content":{"rendered":"<p>Marketing ist wichtig. Wie jedes Handwerk braucht man passende Werkzeuge, um gute Ergebnisse zu erzielen. Hier sind einige der Tools aufgef\u00fchrt, die wir verwenden. Das ganze ist keine Wertung &#8211; und auch keine Werbung. Wir bekommen kein Geld f\u00fcr die Nennung.<\/p>\n<p>Es ist lediglich unsere Werkzeugliste und sicherlich gibt es noch ganze viele andere gute Werkzeuge, die uns bisher noch gar nicht aufgefallen sind oder die wir (noch) nicht verwenden.<\/p>\n<h3><strong>Themenbezogene Bilder, kostenfrei und kostenpflichtig<\/strong><\/h3>\n<p>Zuallererst braucht man tolle Bilder. Es sollte sich herum gesprochen haben: Die Idee die einfach aus dem Internet zu klauen ist selten gut. Dann kann schnell ein Brief ins Haus flattern und eine kostenpflichtige Abmahnung drohen! Also niemals Bilder verwenden, ohne dass ihr die Sachen mit den Rechten gekl\u00e4rt habt! Da ihr aber nicht immer eigene Bilder nehmen k\u00f6nnt &#8211; es gibt kostenlose oder g\u00fcnstige Bezugsquellen:<\/p>\n<ul>\n<li><a href=\"https:\/\/unsplash.com\" target=\"_blank\" rel=\"noopener\">unsplash<\/a><\/li>\n<\/ul>\n<p>Riesige Bilderdatenbank mit unz\u00e4hligen Themen zum ausw\u00e4hlen, interessantes Projekt, man kann selbst mitmachen und Bilder hochladen und damit f\u00fcr Andere zur Verf\u00fcgung stellen. (Machen unsere Kollegen gerne von Gebrauch.) Die meisten Bilder sind kostenlos, es gibt auch auch Verweise zu kostenpflichtigen Bildern. Es wird gerne gesehen, dass der Bildersteller (Fotograph) bei der Verwendung irgendwo genannt wird bzw. dass man eine Info hinterl\u00e4sst, wo man die Bilder verwendet. Es ist auch f\u00fcr die Ersteller immer sch\u00f6n zu h\u00f6ren, dass die eigene Arbeit wert gesch\u00e4tzt wird &#8211; auch wenn nicht jeder Verwender ein Gro\u00dfkonzern ist, der (viel) Geld bezahlen kann.<\/p>\n<ul>\n<li><a href=\"https:\/\/pixabay.com\/de\/\" target=\"_blank\" rel=\"noopener\">pixabay.com<\/a><\/li>\n<\/ul>\n<p>Bilder durch KI ausw\u00e4hlen lassen, Unterscheidung zwischen freien und kostenpflichtigen Bildern. Freie Bilder sind oftmals nicht komplett passend und m\u00fcssen nachbearbeitet werden. Bei den kostenpflichtigen Bildern liefert die KI jedoch oftmals beeindruckende Ergebnisse.<\/p>\n<h3><strong>Bilder und Anzeige erstellen.<\/strong><\/h3>\n<p>Irgendwie wollt ihr auf euch aufmerksam machen. In Briefen, auf euren Webseite oder in sozialen Medien. Daf\u00fcr k\u00f6nnt ihr Bilder mit Text \/ Anzeigen erstellen. Ein schickes Bild, etwas Text und fertig ist das Ganze. Hier ein Beispiel:<\/p>\n<p><a href=\"https:\/\/www.terminal-systems.de\/wp\/lager1\/lagerverwaltung-aktuell\/\" target=\"_blank\" rel=\"noopener\"><img loading=\"lazy\" decoding=\"async\" class=\"alignnone size-medium\" src=\"https:\/\/www.terminal-systems.de\/images\/20250205_FlyerAEWWSLite.jpg\" width=\"1080\" height=\"1080\" \/><\/a><\/p>\n<p>Fr\u00fcher hat man so etwas h\u00e4ufig mit Power Point oder speziellen Grafikprogrammen erledigt. K\u00f6nnt ihr nat\u00fcrlich weiterhin machen. Oder ihr verwendet andere moderne Tools:<\/p>\n<ul>\n<li><a href=\"https:\/\/www.canva.com\" target=\"_blank\" rel=\"noopener\">www.canva.com<\/a><\/li>\n<\/ul>\n<p>Tolle Software, nicht nur f\u00fcr Anzeigen. Auch f\u00fcr Gru\u00dfkarten, Pr\u00e4sentationen uvam. Bedienung wie immer: man muss etwas Geduld mitbringen und spielen. Dann gibt es ansprechende Ergebnisse. Design ausw\u00e4hlen, Bilder einf\u00fcgen. Designvorlagen teilweise kostenpflichtig, auf die Krone achten. Bilder k\u00f6nnen auch mit KI erstellt werden, begrenzte Freibilder. Dann kostenpflichtig. Bilder aus eigenen Quellen uploaden und in Design einf\u00fcgen.<\/p>\n<h3>Videos bearbeiten<\/h3>\n<ul>\n<li><a href=\"https:\/\/www.shotcut.org\/\" target=\"_blank\" rel=\"noopener\">shotcut<\/a><\/li>\n<\/ul>\n<p>Shotcut ist ein leistungsf\u00e4higer, kostenloser Video Editor. Zieht eure Videos in den Bearbeitungsbereich und ihr k\u00f6nnt schneiden, Untertitel dazu geben oder was auch immer. Was wir v\u00f6llig genial finden: Ihr k\u00f6nnt Euer Video in zahllosen Formaten und Gr\u00f6\u00dfen speichern. Von ganz klein bis ganz gro\u00df. Tipp: Wenn ihr es im Internet ver\u00f6ffenntlichen wollt &#8211; immer auf die Gr\u00f6sse achten! Nicht jeder surft mit Glasfaser &#8211; wenn das Laden eines Videos zu lange dauert oder gar der Browser h\u00e4ngt, haben die Leute schnell keine Lust mehr das zu sehen.<\/p>\n<p>Am Anfang etwas schwierig zu bedienen, aber wenn man das Grundkonzept erst mal verstanden hat, bekommt ihr eine leistungsf\u00e4hige Anwendung f\u00fcr 0 Euro.<\/p>\n<p>Hier ein Beispiel von <a href=\"https:\/\/tier-fit-burgdorf.de\/\" target=\"_blank\" rel=\"noopener\">AE Tier Physio<\/a>:<\/p>\n<div style=\"width: 640px;\" class=\"wp-video\"><video class=\"wp-video-shortcode\" id=\"video-3463-1\" width=\"640\" height=\"360\" preload=\"metadata\" controls=\"controls\"><source type=\"video\/mp4\" src=\"https:\/\/tier-fit-burgdorf.de\/images\/250409-pferdewaage1.mp4?_=1\" \/><a href=\"https:\/\/tier-fit-burgdorf.de\/images\/250409-pferdewaage1.mp4\">https:\/\/tier-fit-burgdorf.de\/images\/250409-pferdewaage1.mp4<\/a><\/video><\/div>\n<p>&nbsp;<\/p>\n<p>&nbsp;<\/p>\n","protected":false},"excerpt":{"rendered":"<p>Marketing ist wichtig. Wie jedes Handwerk braucht man passende Werkzeuge, um gute Ergebnisse zu erzielen. Hier sind einige der Tools aufgef\u00fchrt, die wir verwenden. Das ganze ist keine Wertung &#8211; und auch keine Werbung. Wir bekommen kein Geld f\u00fcr die Nennung. Es ist lediglich unsere Werkzeugliste und sicherlich gibt es noch ganze viele andere gute [&hellip;]<\/p>\n","protected":false},"author":6,"featured_media":0,"parent":0,"menu_order":0,"comment_status":"closed","ping_status":"closed","template":"","meta":{"footnotes":""},"class_list":["post-3463","page","type-page","status-publish","hentry","entry"],"_links":{"self":[{"href":"https:\/\/www.art-events.de\/weblog\/wp-json\/wp\/v2\/pages\/3463","targetHints":{"allow":["GET"]}}],"collection":[{"href":"https:\/\/www.art-events.de\/weblog\/wp-json\/wp\/v2\/pages"}],"about":[{"href":"https:\/\/www.art-events.de\/weblog\/wp-json\/wp\/v2\/types\/page"}],"author":[{"embeddable":true,"href":"https:\/\/www.art-events.de\/weblog\/wp-json\/wp\/v2\/users\/6"}],"replies":[{"embeddable":true,"href":"https:\/\/www.art-events.de\/weblog\/wp-json\/wp\/v2\/comments?post=3463"}],"version-history":[{"count":0,"href":"https:\/\/www.art-events.de\/weblog\/wp-json\/wp\/v2\/pages\/3463\/revisions"}],"wp:attachment":[{"href":"https:\/\/www.art-events.de\/weblog\/wp-json\/wp\/v2\/media?parent=3463"}],"curies":[{"name":"wp","href":"https:\/\/api.w.org\/{rel}","templated":true}]}}