{"id":3422,"date":"2025-02-12T10:38:51","date_gmt":"2025-02-12T09:38:51","guid":{"rendered":"https:\/\/www.art-events.de\/weblog\/?page_id=3422"},"modified":"2025-05-17T10:40:59","modified_gmt":"2025-05-17T08:40:59","slug":"business-tipps-uebersicht","status":"publish","type":"page","link":"https:\/\/www.art-events.de\/weblog\/business-tipps-uebersicht\/","title":{"rendered":"Business Tipps &#8211; Uebersicht"},"content":{"rendered":"<p>-) <a href=\"https:\/\/www.art-events.de\/weblog\/business-tipps-fuer-den-einstieg\/\">Business Tipps f\u00fcr den Einstieg in die Selbst\u00e4ndigkeit<\/a>.<\/p>\n<p>Aller Anfang ist schwer. Hier haben wir einen kleinen Leitfaden zusammengestellt, wie man den Weg in die Selbst\u00e4ndigkeit bew\u00e4ltigen kann.<\/p>\n<p>-) <a href=\"https:\/\/www.art-events.de\/weblog\/bilder-videos-marketing\/\" target=\"_blank\" rel=\"noopener\">Linkliste: So k\u00f6nnt ihr Bilder \/ Videos etc aufnehmen und bearbeiten. F\u00fcr euer Marketing.<\/a><\/p>\n<p>Viele Programmtipps, Tools und Programme mit denen ihr Bilder \/ Videos bearbeiten k\u00f6nnt, Anzeigen erstellen uvam.<\/p>\n<p>-) <a href=\"https:\/\/www.art-events.de\/weblog\/nis2-cybersicherheit-security-fuer-alle\/\">NIS2 Cybersicherheit<\/a>.<\/p>\n<p>Die NIS2 Richtlinie erfordert von Unternehmen einiges ab. Hier mal ein kurzer Leitfaden und eine Betrachtung zur Erreichung der Cybersicherheit NIS2 Compliance.<\/p>\n<hr \/>\n<p><em>Mehr Texte in alphabetischer Sortierung:<\/em><\/p>\n<p>-) <a href=\"https:\/\/www.art-events.de\/weblog\/app-fuer-lottozahlen-und-co\/\">App f\u00fcr Lottozahlen und Co<\/a>.<\/p>\n<p>-) <a href=\"https:\/\/www.art-events.de\/weblog\/emergency-alarm-sms-versenden\/\">App Notfall Alarm SMS versenden<\/a>.<\/p>\n<p>-) <a href=\"https:\/\/www.art-events.de\/weblog\/barcodes-drucken-einfach-gemacht\/\">Barcode drucken. Einfach gemacht<\/a>.<\/p>\n<p>-) <a href=\"https:\/\/www.art-events.de\/weblog\/big-data-und-wir-wir-es-umsetzen\/\">Big Data in der Lagerverwaltung<\/a>.<\/p>\n<p>-) <a href=\"https:\/\/www.art-events.de\/weblog\/crm-kontaktdatenbank\/\">CRM Kontaktdatenbank<\/a>.<\/p>\n<p>-) <a href=\"https:\/\/www.art-events.de\/weblog\/covid19-datenlogger-android-app\/\">COVID19 Datenlogger App<\/a>.<\/p>\n<p>-) <a href=\"https:\/\/www.art-events.de\/weblog\/eu-datenschutzgrundverordnung-und-lagerverwaltung\/\">DSGVo und Artikelverwaltung<\/a>.<\/p>\n<p>-) <a href=\"https:\/\/www.art-events.de\/weblog\/download-u-installation-einer-ae-android-app\/\">Download und Installation einer Android App<\/a>.<\/p>\n<p>-) <a href=\"https:\/\/www.art-events.de\/weblog\/festplatten-sicher-zerstoeren\/\">Festplatten sicher zerst\u00f6ren<\/a>.<\/p>\n<p>-) <a href=\"https:\/\/www.art-events.de\/weblog\/buchungshistorie-gobd\/\">GoBD &#8211; Buchungshistorie<\/a>.<\/p>\n<p>-) <a href=\"https:\/\/www.art-events.de\/weblog\/ihre-internet-praesenz-aufbauen\/\">Internet Pr\u00e4senz aufbauen<\/a>.<\/p>\n<p>-) <a href=\"https:\/\/www.art-events.de\/weblog\/inventur-mit-dem-smartphone\/\">Inventur mit dem Smartphone<\/a>.<\/p>\n<p>-) <a href=\"https:\/\/www.art-events.de\/weblog\/kosten-hoeher-als-gedacht-immer-mehr-kunden-kehren-der-cloud-den-ruecken\/\">Kosten h\u00f6her als gedacht. Immer mehr Kunden kehren der Cloud den R\u00fccken<\/a>.<\/p>\n<p>-) <a href=\"https:\/\/www.art-events.de\/weblog\/lagerverwaltung-mit-sql-server\/\">Lagerverwaltung mit SQL Server<\/a>.<\/p>\n<p>-) <a href=\"https:\/\/www.art-events.de\/weblog\/das-lieferkettengesetz\/\">Das Lieferkettengesetz<\/a>.<\/p>\n<p>-) <a href=\"https:\/\/www.art-events.de\/weblog\/pc-waage-win-unser-wiegekaspar\/\">PCWaage Win &#8211; Wiegedaten auslesen und speichern<\/a>.<\/p>\n<p>-) <a href=\"https:\/\/www.art-events.de\/weblog\/ae-qr-code-generator-qr-codes-erstellen-und-drucken\/\">QR Codes erstellen und drucken<\/a>.<\/p>\n<p>-) <a href=\"https:\/\/www.art-events.de\/weblog\/ueber-ae-systeme\/\">\u00dcber AE SYSTEME. Digital Engineering Software Company<\/a>.<\/p>\n<p>-) <a href=\"https:\/\/www.art-events.de\/weblog\/warum-die-inventur-fuer-gewerbetreibende-wichtig-ist\/\">Warum die Inventur f\u00fcr Gewerbetreibende wichtig ist<\/a>.<\/p>\n<p>-) <a href=\"https:\/\/www.art-events.de\/weblog\/wordpress-installieren\/\">WordPress installieren<\/a>.<\/p>\n<p>&nbsp;<\/p>\n","protected":false},"excerpt":{"rendered":"<p>-) Business Tipps f\u00fcr den Einstieg in die Selbst\u00e4ndigkeit. Aller Anfang ist schwer. Hier haben wir einen kleinen Leitfaden zusammengestellt, wie man den Weg in die Selbst\u00e4ndigkeit bew\u00e4ltigen kann. -) Linkliste: So k\u00f6nnt ihr Bilder \/ Videos etc aufnehmen und bearbeiten. F\u00fcr euer Marketing. Viele Programmtipps, Tools und Programme mit denen ihr Bilder \/ Videos [&hellip;]<\/p>\n","protected":false},"author":6,"featured_media":0,"parent":0,"menu_order":0,"comment_status":"closed","ping_status":"closed","template":"","meta":{"footnotes":""},"class_list":["post-3422","page","type-page","status-publish","hentry","entry"],"_links":{"self":[{"href":"https:\/\/www.art-events.de\/weblog\/wp-json\/wp\/v2\/pages\/3422","targetHints":{"allow":["GET"]}}],"collection":[{"href":"https:\/\/www.art-events.de\/weblog\/wp-json\/wp\/v2\/pages"}],"about":[{"href":"https:\/\/www.art-events.de\/weblog\/wp-json\/wp\/v2\/types\/page"}],"author":[{"embeddable":true,"href":"https:\/\/www.art-events.de\/weblog\/wp-json\/wp\/v2\/users\/6"}],"replies":[{"embeddable":true,"href":"https:\/\/www.art-events.de\/weblog\/wp-json\/wp\/v2\/comments?post=3422"}],"version-history":[{"count":0,"href":"https:\/\/www.art-events.de\/weblog\/wp-json\/wp\/v2\/pages\/3422\/revisions"}],"wp:attachment":[{"href":"https:\/\/www.art-events.de\/weblog\/wp-json\/wp\/v2\/media?parent=3422"}],"curies":[{"name":"wp","href":"https:\/\/api.w.org\/{rel}","templated":true}]}}