{"id":2069,"date":"2021-05-19T21:40:05","date_gmt":"2021-05-19T21:40:05","guid":{"rendered":"https:\/\/www.art-events.de\/weblog\/?page_id=2069"},"modified":"2023-10-11T18:57:44","modified_gmt":"2023-10-11T16:57:44","slug":"meine-wordpress-world","status":"publish","type":"page","link":"https:\/\/www.art-events.de\/weblog\/meine-wordpress-world\/","title":{"rendered":"Meine WordPress World"},"content":{"rendered":"\n<ul class=\"wp-block-list\">\n<li><a href=\"https:\/\/www.art-events.de\/weblog\/word-texte-nach-wordpress-uebertragen\/\" data-type=\"link\" data-id=\"https:\/\/www.art-events.de\/weblog\/word-texte-nach-wordpress-uebertragen\/\">2023. Office Word Dokumente nach WordPress \u00fcbertragen<\/a><\/li>\n\n\n\n<li><a href=\"https:\/\/www.art-events.de\/weblog\/neues-support-wiki\/\" data-type=\"link\" data-id=\"https:\/\/www.art-events.de\/weblog\/neues-support-wiki\/\">2023. Neues Support Wiki<\/a><\/li>\n\n\n\n<li><a href=\"https:\/\/www.art-events.de\/weblog\/wordpress-plugin-wpstatistics-problem-mit-alten-werten\/\" data-type=\"link\" data-id=\"https:\/\/www.art-events.de\/weblog\/wordpress-plugin-wpstatistics-problem-mit-alten-werten\/\">2021. Plugin WPStatistics. Probleme mit alten Werten<\/a><\/li>\n\n\n\n<li>2021. <a href=\"https:\/\/www.art-events.de\/weblog\/google-speed-test-die-sache-mit-der-geschwindigkeit\/\" data-type=\"link\" data-id=\"https:\/\/www.art-events.de\/weblog\/google-speed-test-die-sache-mit-der-geschwindigkeit\/\">Google Speed Test<\/a><\/li>\n\n\n\n<li>2021. <a href=\"https:\/\/www.art-events.de\/weblog\/wordpress-die-sache-mit-oembed-und-fehlermeldung-noindex\/\" data-type=\"link\" data-id=\"https:\/\/www.art-events.de\/weblog\/wordpress-die-sache-mit-oembed-und-fehlermeldung-noindex\/\">WordPress oembd und noindex<\/a><\/li>\n\n\n\n<li><a href=\"https:\/\/www.art-events.de\/weblog\/wordpress-und-der-gutenberg-block-editor\/\">2021. Gutenberg Block Editor vs. SiteOrigin. Tabellen aber fehlende 100%Breite<\/a><\/li>\n\n\n\n<li><a href=\"https:\/\/www.art-events.de\/weblog\/libre-office-wordpress-plugin\/\">2020. LibreOffice und das WordPress Plug In<\/a><\/li>\n\n\n\n<li>2020. <a href=\"https:\/\/www.art-events.de\/weblog\/wordpress-installieren\/\" data-type=\"link\" data-id=\"https:\/\/www.art-events.de\/weblog\/wordpress-installieren\/\">WordPress installieren<\/a><\/li>\n\n\n\n<li><a href=\"https:\/\/www.art-events.de\/weblog\/wordpress-5-und-gutenberg\/\">2019. WordPress und Gutenberg Editor<\/a><\/li>\n\n\n\n<li><a href=\"https:\/\/www.art-events.de\/weblog\/wordpress-und-facebook\/\">2011. WordPress und Facebook. Teil I<\/a><\/li>\n\n\n\n<li><a href=\"https:\/\/www.art-events.de\/weblog\/wordpress-und-facebook-ergebnisse\/\">2011. WordPress und Facebook. Fazit<\/a><\/li>\n\n\n\n<li><a href=\"https:\/\/www.art-events.de\/weblog\/willkommen-welt\/\">2011. Willkommen WordPress. Wieder einmal.<\/a><\/li>\n\n\n\n<li><\/li>\n<\/ul>\n\n\n\n<figure class=\"wp-block-image\"><img decoding=\"async\" src=\"https:\/\/www.terminal-systems.de\/images\/20080607hjwx-204.jpg\" alt=\"\"\/><\/figure>\n\n\n\n<p>Text und Entwurf. (c) AE SYSTEME Testcenter, Hans-J. Walter<br>Hans-J. Walter ist Programmierer f\u00fcr Windows DOT.NET und Android und als Senior Chef Entwickler bei AE SYSTEME www.terminal-systems.de in Burgdorf \/ Hannover t\u00e4tig.&nbsp;<a href=\"mailto:hjw@terminal-systems.de\">hjw@terminal-systems.de<\/a><\/p>\n\n\n\n<p><em>F\u00fcr diese und alle nachfolgenden Seiten gilt ebenso der obligatorische Hinweis: Alle Angaben ohne Gew\u00e4hr. Bilder und Codes zeigen Beispiele. Diese Beschreibung bezieht sich auf unsere Installation und stellt keine Bewertung der verwendeten Techniken da. Fehler und Irrt\u00fcmer vorbehalten!<\/em><\/p>\n","protected":false},"excerpt":{"rendered":"<p>Text und Entwurf. (c) AE SYSTEME Testcenter, Hans-J. WalterHans-J. Walter ist Programmierer f\u00fcr Windows DOT.NET und Android und als Senior Chef Entwickler bei AE SYSTEME www.terminal-systems.de in Burgdorf \/ Hannover t\u00e4tig.&nbsp;hjw@terminal-systems.de F\u00fcr diese und alle nachfolgenden Seiten gilt ebenso der obligatorische Hinweis: Alle Angaben ohne Gew\u00e4hr. Bilder und Codes zeigen Beispiele. Diese Beschreibung bezieht sich [&hellip;]<\/p>\n","protected":false},"author":6,"featured_media":0,"parent":0,"menu_order":0,"comment_status":"closed","ping_status":"closed","template":"","meta":{"footnotes":""},"class_list":["post-2069","page","type-page","status-publish","hentry","entry"],"_links":{"self":[{"href":"https:\/\/www.art-events.de\/weblog\/wp-json\/wp\/v2\/pages\/2069","targetHints":{"allow":["GET"]}}],"collection":[{"href":"https:\/\/www.art-events.de\/weblog\/wp-json\/wp\/v2\/pages"}],"about":[{"href":"https:\/\/www.art-events.de\/weblog\/wp-json\/wp\/v2\/types\/page"}],"author":[{"embeddable":true,"href":"https:\/\/www.art-events.de\/weblog\/wp-json\/wp\/v2\/users\/6"}],"replies":[{"embeddable":true,"href":"https:\/\/www.art-events.de\/weblog\/wp-json\/wp\/v2\/comments?post=2069"}],"version-history":[{"count":0,"href":"https:\/\/www.art-events.de\/weblog\/wp-json\/wp\/v2\/pages\/2069\/revisions"}],"wp:attachment":[{"href":"https:\/\/www.art-events.de\/weblog\/wp-json\/wp\/v2\/media?parent=2069"}],"curies":[{"name":"wp","href":"https:\/\/api.w.org\/{rel}","templated":true}]}}