{"id":1968,"date":"2021-03-22T17:14:11","date_gmt":"2021-03-22T17:14:11","guid":{"rendered":"https:\/\/www.art-events.de\/weblog\/?page_id=1968"},"modified":"2026-03-30T22:24:56","modified_gmt":"2026-03-30T20:24:56","slug":"android-programmieren-fuer-starter-tipps-und-tricks","status":"publish","type":"page","link":"https:\/\/www.art-events.de\/weblog\/android-programmieren-fuer-starter-tipps-und-tricks\/","title":{"rendered":"Android Programmieren &#8211; Starter Kurs! Einstieg"},"content":{"rendered":"<p>Untertitel: Unser AE Android Kochbuch f\u00fcr Beginner.<\/p>\n<p>Unser Android Kochbuch. Android programmieren lernen f\u00fcr Praktiker. Eigene Android Apps programmieren. Einstieg f\u00fcr Beginner. Tipps und Tricks aus der Praxis. Die Teile des Kochbuchs erscheinen nach und nach an dieser Stelle&#8230;<\/p>\n<p>Wer es lieber als Video mag:<br \/>\n<a href=\"https:\/\/www.youtube.com\/playlist?list=PLapJmdaLEQcuiS6pujcZj9aYB-3Ivc2pB\" target=\"_blank\" rel=\"noopener\">Unser YouTube Channel Playlist Software Entwicklung u. Programmierung<\/a><\/p>\n<p><a href=\"https:\/\/www.art-events.de\/weblog\/wp-content\/uploads\/2021\/01\/210126android.jpg\"><img loading=\"lazy\" decoding=\"async\" class=\"alignnone size-large wp-image-1909\" src=\"https:\/\/www.art-events.de\/weblog\/wp-content\/uploads\/2021\/01\/210126android-1024x674.jpg\" alt=\"\" width=\"640\" height=\"421\" srcset=\"https:\/\/www.art-events.de\/weblog\/wp-content\/uploads\/2021\/01\/210126android-1024x674.jpg 1024w, https:\/\/www.art-events.de\/weblog\/wp-content\/uploads\/2021\/01\/210126android-300x197.jpg 300w, https:\/\/www.art-events.de\/weblog\/wp-content\/uploads\/2021\/01\/210126android-768x505.jpg 768w, https:\/\/www.art-events.de\/weblog\/wp-content\/uploads\/2021\/01\/210126android.jpg 1271w\" sizes=\"auto, (max-width: 640px) 100vw, 640px\" \/><\/a><\/p>\n<p>Inhalt:<\/p>\n<p><a href=\"https:\/\/www.art-events.de\/weblog\/android-apps\/\">Android Apps. Hinweise zu bestimmten Apps<\/a>.<\/p>\n<p><a href=\"https:\/\/www.art-events.de\/weblog\/ae-android-kochbuch-getting-started-u-device-manager\/\">AE Android Kochbuch Teil 1. Getting Started und Device Manager<\/a><\/p>\n<p><a href=\"https:\/\/www.art-events.de\/weblog\/ae-android-kochbuch-texte-anzeigen-u-eingeben-buttons\/\">AE Android Kochbuch Teil 2. Texte anzeigen, Benutzereingaben und Buttons<\/a><\/p>\n<p><a href=\"https:\/\/www.art-events.de\/weblog\/ae-android-kochbuch-exkurs-flags-die-sachen-mit-den-flaggen\/\">AE Android Kochbuch Exkurs. Flags. Spa\u00df mit Flaggen<\/a><\/p>\n<p><a href=\"https:\/\/www.art-events.de\/weblog\/ae-android-kochbuch-notizen-app-dateien-speichern\/\">AE Android Kochbuch Teil 3. Eine Notizen App programmieren<\/a><\/p>\n<p><a href=\"https:\/\/www.art-events.de\/weblog\/ae-android-kochbuch-notizen-app-reloaded\/\">AE Android Kochbuch Teil 3A. Notizen App Reloaded. Schreiben. Speichern. Laden. Vorlesen lassen<\/a><\/p>\n<p><a href=\"https:\/\/www.art-events.de\/weblog\/ae-android-probleme-mit-texttospeech\/\">AE Android Kochbuch. Notizen App und TextToSpeech Probleme.<\/a><\/p>\n<hr \/>\n<p><a href=\"https:\/\/www.art-events.de\/weblog\/android-programmierung-mit-c-und-dot-net-maui-teil-1-einstieg\/\">Android Programmierung mit C# und DOT NET MAUI<\/a><\/p>\n<hr \/>\n<p><a href=\"https:\/\/www.terminal-systems.de\/wp\/android-app-apk-datei-installieren\/\" target=\"_blank\" rel=\"noopener\">Installationshinweise: Download und Installation einer Android APK Datei<\/a><\/p>\n<p><a href=\"https:\/\/www.art-events.de\/weblog\/android-apps-erstellen-toolkits\/\">Android Apps erstellen: Toolkits<\/a><\/p>\n<p><a href=\"https:\/\/www.art-events.de\/weblog\/android-edittext-setfocusabletrue-geht-nicht-mehr\/\">Android. EditText.setFocusable (true) geht nicht mehr<\/a>.<\/p>\n<p><a href=\"https:\/\/www.art-events.de\/weblog\/android-die-sache-mit-dem-datum\/\">Android. Die Sache mit dem Datum Deutsch u. International<\/a><\/p>\n<p><a href=\"https:\/\/www.art-events.de\/weblog\/android-usb-angeschlossen-kann-derzeit-nicht-geladen-werden\/\">Android: USB angeschlossen. Kann derzeit nicht geladen werden<\/a><\/p>\n<p><a href=\"https:\/\/www.art-events.de\/weblog\/android-2-arten-sms-zu-verschicken\/\">Android. Zwei Varianten SMS zu verschicken.<\/a><\/p>\n<p><a href=\"https:\/\/www.art-events.de\/weblog\/android-10-oder-11-die-uri-stirbt-schneller-als-mancher-denkt\/\">Android 10 oder 11. Die Uri stirbt schneller als Mancher denkt.<\/a><\/p>\n<p><a href=\"https:\/\/www.art-events.de\/weblog\/android-ftp-ersetzt-datenuebertragung-per-usb\/\">FTP Transfer ersetzt USB Kabel<\/a><\/p>\n<p><a href=\"https:\/\/www.art-events.de\/weblog\/download-und-installation-einer-android-anwendung\/\">Installation von Android Apps aus fremden Quellen<\/a><\/p>\n<p><a href=\"https:\/\/www.art-events.de\/weblog\/android-programmieren-fuer-starter-tipps-und-tricks\/android-visual-studio-dateien-mit-dem-android-emulator-austauschen\/\">Mit dem Android Emulator Dateien austauschen<\/a><\/p>\n<p><a href=\"https:\/\/www.art-events.de\/weblog\/android-programmieren-neue-activity-oeffnen-text-datei-anzeigen\/\">Eine weitere Activity \u00f6ffnen und eine Textdatei in einer ListView anzeigen<\/a><\/p>\n<p><a href=\"https:\/\/www.art-events.de\/weblog\/android-programmieren-globale-variablen-bei-android\/\">Globale Variablen unter Android<\/a><\/p>\n<p><a href=\"https:\/\/www.art-events.de\/weblog\/android-programmieren-variablen-uebergeben\/\">Globale Variablen. Variablen zwischen zwei Activities \u00fcbergeben. Intent. Shared Preferences<\/a><\/p>\n<p><a href=\"https:\/\/www.art-events.de\/weblog\/android-app-kann-nicht-speichern\/\">Android 10. App kann nicht (mehr) speichern<\/a>.<\/p>\n<p><a href=\"https:\/\/www.art-events.de\/weblog\/android-programmieren-sql-lite-1\/\">SQL Lite. Teil 1.<\/a><\/p>\n<p><a href=\"https:\/\/www.art-events.de\/weblog\/android-programmieren-tipps-und-tricks\/\">Tipps und Tricks.<\/a><\/p>\n<hr \/>\n<p>-) <a href=\"https:\/\/youtube.com\/shorts\/BtseBuXVkhw\" target=\"_blank\" rel=\"noopener\">Video. Android Datei Explorer AMAZE<\/a>.<\/p>\n<p>-) <a href=\"https:\/\/youtu.be\/sY5xOsbqi_g\" target=\"_blank\" rel=\"noopener\">YouTube Video. Google Play Telefonnummer richtig deklarieren<\/a><\/p>\n<p><a href=\"https:\/\/www.youtube.com\/playlist?list=PLapJmdaLEQcuiS6pujcZj9aYB-3Ivc2pB\" target=\"_blank\" rel=\"noopener\">Unser YouTube Channel Playlist Software Entwicklung u. Programmierung<\/a><\/p>\n<p><a href=\"https:\/\/www.youtube.com\/@AEBurgdorf\" target=\"_blank\" rel=\"noopener\">Unser YouTube Channel<\/a>\u00a0(Alle Videos)<\/p>\n<hr \/>\n<p><img loading=\"lazy\" decoding=\"async\" class=\"alignnone size-large\" src=\"https:\/\/www.terminal-systems.de\/images\/20080607hjwx-204.jpg\" width=\"204\" height=\"153\" \/><\/p>\n<p>Text und Entwurf. (c) AE SYSTEME Testcenter, Hans-J. Walter<br \/>\nHans-J. Walter ist Programmierer f\u00fcr Windows DOT.NET und Android und als Senior Chef Entwickler bei AE SYSTEME www.terminal-systems.de in Burgdorf \/ Hannover t\u00e4tig. <a href=\"mailto:hjw@terminal-systems.de\">hjw@terminal-systems.de<\/a><\/p>\n<p><em>F\u00fcr diese und alle nachfolgenden Seiten gilt ebenso der obligatorische Hinweis: Alle Angaben ohne Gew\u00e4hr. Bilder und Codes zeigen Beispiele. Diese Beschreibung bezieht sich auf unsere Installation und stellt keine Bewertung der verwendeten Techniken da. Fehler und Irrt\u00fcmer vorbehalten!<\/em><\/p>\n<p>&nbsp;<\/p>\n","protected":false},"excerpt":{"rendered":"<p>Untertitel: Unser AE Android Kochbuch f\u00fcr Beginner. Unser Android Kochbuch. Android programmieren lernen f\u00fcr Praktiker. Eigene Android Apps programmieren. Einstieg f\u00fcr Beginner. Tipps und Tricks aus der Praxis. Die Teile des Kochbuchs erscheinen nach und nach an dieser Stelle&#8230; Wer es lieber als Video mag: Unser YouTube Channel Playlist Software Entwicklung u. Programmierung Inhalt: Android [&hellip;]<\/p>\n","protected":false},"author":6,"featured_media":0,"parent":0,"menu_order":0,"comment_status":"closed","ping_status":"closed","template":"","meta":{"footnotes":""},"class_list":["post-1968","page","type-page","status-publish","hentry","entry"],"_links":{"self":[{"href":"https:\/\/www.art-events.de\/weblog\/wp-json\/wp\/v2\/pages\/1968","targetHints":{"allow":["GET"]}}],"collection":[{"href":"https:\/\/www.art-events.de\/weblog\/wp-json\/wp\/v2\/pages"}],"about":[{"href":"https:\/\/www.art-events.de\/weblog\/wp-json\/wp\/v2\/types\/page"}],"author":[{"embeddable":true,"href":"https:\/\/www.art-events.de\/weblog\/wp-json\/wp\/v2\/users\/6"}],"replies":[{"embeddable":true,"href":"https:\/\/www.art-events.de\/weblog\/wp-json\/wp\/v2\/comments?post=1968"}],"version-history":[{"count":1,"href":"https:\/\/www.art-events.de\/weblog\/wp-json\/wp\/v2\/pages\/1968\/revisions"}],"predecessor-version":[{"id":3579,"href":"https:\/\/www.art-events.de\/weblog\/wp-json\/wp\/v2\/pages\/1968\/revisions\/3579"}],"wp:attachment":[{"href":"https:\/\/www.art-events.de\/weblog\/wp-json\/wp\/v2\/media?parent=1968"}],"curies":[{"name":"wp","href":"https:\/\/api.w.org\/{rel}","templated":true}]}}