{"id":85,"date":"2021-04-18T17:14:19","date_gmt":"2021-04-18T15:14:19","guid":{"rendered":"https:\/\/www.art-events.de\/de\/?page_id=85"},"modified":"2025-03-20T08:57:30","modified_gmt":"2025-03-20T07:57:30","slug":"hp-air-fuellungen","status":"publish","type":"page","link":"https:\/\/www.art-events.de\/de\/home\/hp-air-fuellungen\/","title":{"rendered":"HP Air Fuellungen"},"content":{"rendered":"\n<p class=\"has-large-font-size\"><strong>Pressluftgewehr, Paintball und Co: Wir f\u00fcllen Eure HP Tanks!<\/strong><\/p>\n\n\n\n<figure class=\"wp-block-image size-large is-style-default\"><img loading=\"lazy\" decoding=\"async\" width=\"1024\" height=\"195\" src=\"https:\/\/www.art-events.de\/de\/wp-content\/uploads\/2021\/04\/210418hpheader-1024x195.jpg\" alt=\"\" class=\"wp-image-99\" srcset=\"https:\/\/www.art-events.de\/de\/wp-content\/uploads\/2021\/04\/210418hpheader-1024x195.jpg 1024w, https:\/\/www.art-events.de\/de\/wp-content\/uploads\/2021\/04\/210418hpheader-300x57.jpg 300w, https:\/\/www.art-events.de\/de\/wp-content\/uploads\/2021\/04\/210418hpheader-768x146.jpg 768w, https:\/\/www.art-events.de\/de\/wp-content\/uploads\/2021\/04\/210418hpheader.jpg 1201w\" sizes=\"auto, (max-width: 1024px) 100vw, 1024px\" \/><\/figure>\n\n\n\n<p><strong>Unser Angebot f\u00fcr Schiesssportler, Paintballer und alle, die mit Druckluft \/ Hochdruck schnelle Sachen in Bewegung setzen &#8211; Eure HP Air Station in 31303 Burgdorf \/ Hannover: <\/strong><\/p>\n\n\n\n<p><strong>Ob Hochdruck Luftgewehr \/ Pressluftgewehr oder -Pistole, Paintball: wir betreiben einen 200\/300bar Hochleistungs- Tauchkompressor von L&amp;W und f\u00fcllen Eure Tanks mit bis zu 200 bar Hochdruck \/ Pressluft!<\/strong><\/p>\n\n\n\n<p>Hochdruck Kompressoren von L&amp;W (<a rel=\"noreferrer noopener\" href=\"https:\/\/lw-compressors.com\/start\" target=\"_blank\">Lenhardt &amp; Wagner<\/a>) sind seit vielen Jahren nicht nur im Tauchsport hoch zuverl\u00e4ssige Qualit\u00e4tsprodukte aus heimischer Fertigung. Speziell mit einem mobilen Ger\u00e4t und garantiert frischer Luftzuf\u00fchrung im Au\u00dfenbereich k\u00f6nnen wir sicherstellen, dass nur optimale Luft in Eure Tanks ger\u00e4t. <\/p>\n\n\n\n<p>Wir haben st\u00e4ndig gef\u00fcllte 200bar Tauchflaschen am Lager. Ruft an &#8211; vereinbart Termin und wir f\u00fcllen euren HP Tank!<\/p>\n\n\n\n<p>Pressluft 200bar: 0,66 Euro \/ Liter. <br>F\u00fcr die F\u00fcllung von Paintball HP-Flaschen berechnen wir Euch pauschal EUR 5,00 (200bar). <\/p>\n\n\n\n<p>Termine u. F\u00fcllungen: nur nach Vereinbarung m\u00f6glich. Parkm\u00f6glichkeiten vorhanden!<\/p>\n\n\n<style>.kb-row-layout-wrap.wp-block-kadence-rowlayout.kb-row-layout-id85_662862-8b{margin-bottom:0px;}.kb-row-layout-id85_662862-8b > .kt-row-column-wrap{align-content:start;}:where(.kb-row-layout-id85_662862-8b > .kt-row-column-wrap) > .wp-block-kadence-column{justify-content:start;}.kb-row-layout-id85_662862-8b > .kt-row-column-wrap{column-gap:var(--global-kb-gap-md, 2rem);row-gap:var(--global-kb-gap-md, 2rem);padding-top:var(--global-kb-spacing-sm, 1.5rem);padding-bottom:var(--global-kb-spacing-sm, 1.5rem);}.kb-row-layout-id85_662862-8b > .kt-row-column-wrap > div:not(.added-for-specificity){grid-column:initial;}.kb-row-layout-id85_662862-8b > .kt-row-column-wrap{grid-template-columns:repeat(4, minmax(0, 1fr));}.kb-row-layout-id85_662862-8b > .kt-row-layout-overlay{opacity:0.30;}@media all and (max-width: 1024px){.kb-row-layout-id85_662862-8b > .kt-row-column-wrap > div:not(.added-for-specificity){grid-column:initial;}}@media all and (max-width: 1024px){.kb-row-layout-id85_662862-8b > .kt-row-column-wrap{grid-template-columns:repeat(4, minmax(0, 1fr));}}@media all and (max-width: 767px){.kb-row-layout-id85_662862-8b > .kt-row-column-wrap > div:not(.added-for-specificity){grid-column:initial;}.kb-row-layout-id85_662862-8b > .kt-row-column-wrap{grid-template-columns:minmax(0, 1fr);}}<\/style><div class=\"kb-row-layout-wrap kb-row-layout-id85_662862-8b alignnone wp-block-kadence-rowlayout\"><div class=\"kt-row-column-wrap kt-has-4-columns kt-row-layout-equal kt-tab-layout-inherit kt-mobile-layout-row kt-row-valign-top\">\n<style>.kadence-column85_5cb615-ee > .kt-inside-inner-col,.kadence-column85_5cb615-ee > .kt-inside-inner-col:before{border-top-left-radius:0px;border-top-right-radius:0px;border-bottom-right-radius:0px;border-bottom-left-radius:0px;}.kadence-column85_5cb615-ee > .kt-inside-inner-col{column-gap:var(--global-kb-gap-sm, 1rem);}.kadence-column85_5cb615-ee > .kt-inside-inner-col{flex-direction:column;}.kadence-column85_5cb615-ee > .kt-inside-inner-col > .aligncenter{width:100%;}.kadence-column85_5cb615-ee > .kt-inside-inner-col:before{opacity:0.3;}.kadence-column85_5cb615-ee{position:relative;}@media all and (max-width: 1024px){.kadence-column85_5cb615-ee > .kt-inside-inner-col{flex-direction:column;justify-content:center;}}@media all and (max-width: 767px){.kadence-column85_5cb615-ee > .kt-inside-inner-col{flex-direction:column;justify-content:center;}}<\/style>\n<div class=\"wp-block-kadence-column kadence-column85_5cb615-ee inner-column-1\"><div class=\"kt-inside-inner-col\">\n<figure class=\"wp-block-image size-thumbnail\"><a href=\"https:\/\/www.art-events.de\/de\/wp-content\/uploads\/2021\/04\/210416air4.jpg\"><img loading=\"lazy\" decoding=\"async\" width=\"150\" height=\"150\" src=\"https:\/\/www.art-events.de\/de\/wp-content\/uploads\/2021\/04\/210416air4-150x150.jpg\" alt=\"\" class=\"wp-image-86\"\/><\/a><\/figure>\n<\/div><\/div>\n\n\n<style>.kadence-column85_db5f09-ed > .kt-inside-inner-col,.kadence-column85_db5f09-ed > .kt-inside-inner-col:before{border-top-left-radius:0px;border-top-right-radius:0px;border-bottom-right-radius:0px;border-bottom-left-radius:0px;}.kadence-column85_db5f09-ed > .kt-inside-inner-col{column-gap:var(--global-kb-gap-sm, 1rem);}.kadence-column85_db5f09-ed > .kt-inside-inner-col{flex-direction:column;}.kadence-column85_db5f09-ed > .kt-inside-inner-col > .aligncenter{width:100%;}.kadence-column85_db5f09-ed > .kt-inside-inner-col:before{opacity:0.3;}.kadence-column85_db5f09-ed{position:relative;}@media all and (max-width: 1024px){.kadence-column85_db5f09-ed > .kt-inside-inner-col{flex-direction:column;justify-content:center;}}@media all and (max-width: 767px){.kadence-column85_db5f09-ed > .kt-inside-inner-col{flex-direction:column;justify-content:center;}}<\/style>\n<div class=\"wp-block-kadence-column kadence-column85_db5f09-ed inner-column-2\"><div class=\"kt-inside-inner-col\">\n<figure class=\"wp-block-image size-thumbnail\"><a href=\"https:\/\/www.art-events.de\/de\/wp-content\/uploads\/2021\/04\/210416air1.jpg\"><img loading=\"lazy\" decoding=\"async\" width=\"150\" height=\"150\" src=\"https:\/\/www.art-events.de\/de\/wp-content\/uploads\/2021\/04\/210416air1-150x150.jpg\" alt=\"\" class=\"wp-image-87\"\/><\/a><\/figure>\n<\/div><\/div>\n\n\n<style>.kadence-column85_15be3e-1f > .kt-inside-inner-col,.kadence-column85_15be3e-1f > .kt-inside-inner-col:before{border-top-left-radius:0px;border-top-right-radius:0px;border-bottom-right-radius:0px;border-bottom-left-radius:0px;}.kadence-column85_15be3e-1f > .kt-inside-inner-col{column-gap:var(--global-kb-gap-sm, 1rem);}.kadence-column85_15be3e-1f > .kt-inside-inner-col{flex-direction:column;}.kadence-column85_15be3e-1f > .kt-inside-inner-col > .aligncenter{width:100%;}.kadence-column85_15be3e-1f > .kt-inside-inner-col:before{opacity:0.3;}.kadence-column85_15be3e-1f{position:relative;}@media all and (max-width: 1024px){.kadence-column85_15be3e-1f > .kt-inside-inner-col{flex-direction:column;justify-content:center;}}@media all and (max-width: 767px){.kadence-column85_15be3e-1f > .kt-inside-inner-col{flex-direction:column;justify-content:center;}}<\/style>\n<div class=\"wp-block-kadence-column kadence-column85_15be3e-1f inner-column-3\"><div class=\"kt-inside-inner-col\">\n<figure class=\"wp-block-image size-thumbnail\"><a href=\"https:\/\/www.art-events.de\/de\/wp-content\/uploads\/2021\/04\/210416air2.jpg\"><img loading=\"lazy\" decoding=\"async\" width=\"150\" height=\"150\" src=\"https:\/\/www.art-events.de\/de\/wp-content\/uploads\/2021\/04\/210416air2-150x150.jpg\" alt=\"\" class=\"wp-image-88\"\/><\/a><\/figure>\n<\/div><\/div>\n\n\n<style>.kadence-column85_f35474-98 > .kt-inside-inner-col,.kadence-column85_f35474-98 > .kt-inside-inner-col:before{border-top-left-radius:0px;border-top-right-radius:0px;border-bottom-right-radius:0px;border-bottom-left-radius:0px;}.kadence-column85_f35474-98 > .kt-inside-inner-col{column-gap:var(--global-kb-gap-sm, 1rem);}.kadence-column85_f35474-98 > .kt-inside-inner-col{flex-direction:column;}.kadence-column85_f35474-98 > .kt-inside-inner-col > .aligncenter{width:100%;}.kadence-column85_f35474-98 > .kt-inside-inner-col:before{opacity:0.3;}.kadence-column85_f35474-98{position:relative;}@media all and (max-width: 1024px){.kadence-column85_f35474-98 > .kt-inside-inner-col{flex-direction:column;justify-content:center;}}@media all and (max-width: 767px){.kadence-column85_f35474-98 > .kt-inside-inner-col{flex-direction:column;justify-content:center;}}<\/style>\n<div class=\"wp-block-kadence-column kadence-column85_f35474-98 inner-column-4\"><div class=\"kt-inside-inner-col\">\n<figure class=\"wp-block-image size-thumbnail\"><a href=\"https:\/\/www.art-events.de\/de\/wp-content\/uploads\/2021\/04\/210416air3.jpg\"><img loading=\"lazy\" decoding=\"async\" width=\"150\" height=\"150\" src=\"https:\/\/www.art-events.de\/de\/wp-content\/uploads\/2021\/04\/210416air3-150x150.jpg\" alt=\"\" class=\"wp-image-89\"\/><\/a><\/figure>\n<\/div><\/div>\n\n<\/div><\/div>","protected":false},"excerpt":{"rendered":"<p>Pressluftgewehr, Paintball und Co: Wir f\u00fcllen Eure HP Tanks! Unser Angebot f\u00fcr Schiesssportler, Paintballer und alle, die mit Druckluft \/ Hochdruck schnelle Sachen in Bewegung setzen &#8211; Eure HP Air Station in 31303 Burgdorf \/ Hannover: Ob Hochdruck Luftgewehr \/ Pressluftgewehr oder -Pistole, Paintball: wir betreiben einen 200\/300bar Hochleistungs- Tauchkompressor von L&amp;W und f\u00fcllen Eure &#8230; <a title=\"HP Air Fuellungen\" class=\"read-more\" href=\"https:\/\/www.art-events.de\/de\/home\/hp-air-fuellungen\/\" aria-label=\"Mehr dazu unter HP Air Fuellungen\">Weiterlesen<\/a><\/p>\n","protected":false},"author":2,"featured_media":0,"parent":39,"menu_order":0,"comment_status":"closed","ping_status":"closed","template":"","meta":{"footnotes":""},"class_list":["post-85","page","type-page","status-publish"],"aioseo_notices":[],"_links":{"self":[{"href":"https:\/\/www.art-events.de\/de\/wp-json\/wp\/v2\/pages\/85","targetHints":{"allow":["GET"]}}],"collection":[{"href":"https:\/\/www.art-events.de\/de\/wp-json\/wp\/v2\/pages"}],"about":[{"href":"https:\/\/www.art-events.de\/de\/wp-json\/wp\/v2\/types\/page"}],"author":[{"embeddable":true,"href":"https:\/\/www.art-events.de\/de\/wp-json\/wp\/v2\/users\/2"}],"replies":[{"embeddable":true,"href":"https:\/\/www.art-events.de\/de\/wp-json\/wp\/v2\/comments?post=85"}],"version-history":[{"count":1,"href":"https:\/\/www.art-events.de\/de\/wp-json\/wp\/v2\/pages\/85\/revisions"}],"predecessor-version":[{"id":766,"href":"https:\/\/www.art-events.de\/de\/wp-json\/wp\/v2\/pages\/85\/revisions\/766"}],"up":[{"embeddable":true,"href":"https:\/\/www.art-events.de\/de\/wp-json\/wp\/v2\/pages\/39"}],"wp:attachment":[{"href":"https:\/\/www.art-events.de\/de\/wp-json\/wp\/v2\/media?parent=85"}],"curies":[{"name":"wp","href":"https:\/\/api.w.org\/{rel}","templated":true}]}}