{"id":770,"date":"2025-07-09T17:03:06","date_gmt":"2025-07-09T15:03:06","guid":{"rendered":"https:\/\/www.art-events.de\/de\/?page_id=770"},"modified":"2025-07-09T19:15:31","modified_gmt":"2025-07-09T17:15:31","slug":"officeservices","status":"publish","type":"page","link":"https:\/\/www.art-events.de\/de\/officeservices\/","title":{"rendered":"OfficeServices"},"content":{"rendered":"\n<figure class=\"wp-block-image size-large\"><img loading=\"lazy\" decoding=\"async\" width=\"1024\" height=\"297\" src=\"https:\/\/www.art-events.de\/de\/wp-content\/uploads\/2021\/04\/header1-1024x297.jpg\" alt=\"\" class=\"wp-image-72\" srcset=\"https:\/\/www.art-events.de\/de\/wp-content\/uploads\/2021\/04\/header1-1024x297.jpg 1024w, https:\/\/www.art-events.de\/de\/wp-content\/uploads\/2021\/04\/header1-300x87.jpg 300w, https:\/\/www.art-events.de\/de\/wp-content\/uploads\/2021\/04\/header1-768x223.jpg 768w, https:\/\/www.art-events.de\/de\/wp-content\/uploads\/2021\/04\/header1-1536x445.jpg 1536w, https:\/\/www.art-events.de\/de\/wp-content\/uploads\/2021\/04\/header1.jpg 1597w\" sizes=\"auto, (max-width: 1024px) 100vw, 1024px\" \/><\/figure>\n\n\n\n<p class=\"has-medium-font-size\"><strong>F\u00fcr Unternehmen &#8211; Privat und Selbst\u00e4ndige: Wir sind Experten auf den Gebieten Office Word \/ Excel, Bildbearbeitung, Webseiten Design uvam. Nutzen Sie unser Angebot aus den Bereichen:<\/strong><\/p>\n\n\n\n<div class=\"wp-block-columns is-layout-flex wp-container-core-columns-is-layout-9d6595d7 wp-block-columns-is-layout-flex\">\n<div class=\"wp-block-column is-layout-flow wp-block-column-is-layout-flow\">\n<h2 class=\"wp-block-heading\">Text- und Formular Service<\/h2>\n\n\n\n<p>Der <strong>Text- und Formular Service <\/strong>von Art-Events erstellt Ihre Briefe, Tabellen und Formulare individuell. Lieferung als Word-, Excel- oder PDF-Datei. Sie erhalten alle Nutzungsrechte an den fertigen Dokumenten.<\/p>\n<\/div>\n\n\n\n<div class=\"wp-block-column is-layout-flow wp-block-column-is-layout-flow\">\n<h2 class=\"wp-block-heading\">Express Bildbearbeitung<\/h2>\n\n\n\n<p>Die <strong>Express\u2011Bildbearbeitung<\/strong> von Art\u2011Events liefert optimierte Bilder schnell: Farbkorrektur, Beschnitt, Rauschreduzierung &amp; mehr \u2013 auf Wunsch innerhalb von 24\u202fStd.<\/p>\n\n\n\n<p><a href=\"https:\/\/www.art-events.de\/de\/home\/express-bildbearbeitung\/\" title=\"\">Mehr Informationen<\/a><\/p>\n<\/div>\n\n\n\n<div class=\"wp-block-column is-layout-flow wp-block-column-is-layout-flow\">\n<h2 class=\"wp-block-heading\">WordPress Webseiten Gestaltung<\/h2>\n\n\n\n<p>Die <strong>WordPress\u2011Webseiten-Gestaltung<\/strong> von Art\u2011Events erstellt moderne, responsive Websites (z.\u202fB. Team\/Leistungen, DSGVO, SEO) auf aktueller WP-Version. Individuell, einfach pflegbar<\/p>\n\n\n\n<p><a href=\"https:\/\/www.art-events.de\/de\/home\/wordpress-webseiten-gestaltung\/\" title=\"\">Mehr Informationen<\/a><\/p>\n<\/div>\n<\/div>\n\n\n\n<hr class=\"wp-block-separator has-alpha-channel-opacity\"\/>\n\n\n\n<div class=\"wp-block-columns is-layout-flex wp-container-core-columns-is-layout-9d6595d7 wp-block-columns-is-layout-flex\">\n<div class=\"wp-block-column is-layout-flow wp-block-column-is-layout-flow\">\n<h2 class=\"wp-block-heading\">Coaching f. Gr\u00fcnder u. Selbst\u00e4ndige<\/h2>\n\n\n\n<p>Coaching f\u00fcr Gr\u00fcnderinnen &amp; Selbstst\u00e4ndigkeit begleitet Sie auf Ihrem Weg in die Gr\u00fcndung \u2013 mit Seminaren &amp; Einzelcoaching zu Businessplan, Selbstmarketing, Corporate Identity, Work\u2011Life\u2011Balance &amp; F\u00f6rderm\u00f6glichkeiten (KfW\/BAFA), individuell &amp; f\u00f6rderf\u00e4hig<\/p>\n\n\n\n<p><a href=\"https:\/\/www.art-events.de\/de\/coaching-fuer-gruenderinnen-und-selbstaendigkeit\/\" title=\"\">Mehr Informationen<\/a><\/p>\n<\/div>\n\n\n\n<div class=\"wp-block-column is-layout-flow wp-block-column-is-layout-flow\"><\/div>\n\n\n\n<div class=\"wp-block-column is-layout-flow wp-block-column-is-layout-flow\"><\/div>\n<\/div>\n\n\n\n<p><\/p>\n","protected":false},"excerpt":{"rendered":"<p>F\u00fcr Unternehmen &#8211; Privat und Selbst\u00e4ndige: Wir sind Experten auf den Gebieten Office Word \/ Excel, Bildbearbeitung, Webseiten Design uvam. Nutzen Sie unser Angebot aus den Bereichen: Text- und Formular Service Der Text- und Formular Service von Art-Events erstellt Ihre Briefe, Tabellen und Formulare individuell. Lieferung als Word-, Excel- oder PDF-Datei. Sie erhalten alle Nutzungsrechte &#8230; <a title=\"OfficeServices\" class=\"read-more\" href=\"https:\/\/www.art-events.de\/de\/officeservices\/\" aria-label=\"Mehr dazu unter OfficeServices\">Weiterlesen<\/a><\/p>\n","protected":false},"author":2,"featured_media":0,"parent":0,"menu_order":0,"comment_status":"closed","ping_status":"closed","template":"","meta":{"footnotes":""},"class_list":["post-770","page","type-page","status-publish"],"aioseo_notices":[],"_links":{"self":[{"href":"https:\/\/www.art-events.de\/de\/wp-json\/wp\/v2\/pages\/770","targetHints":{"allow":["GET"]}}],"collection":[{"href":"https:\/\/www.art-events.de\/de\/wp-json\/wp\/v2\/pages"}],"about":[{"href":"https:\/\/www.art-events.de\/de\/wp-json\/wp\/v2\/types\/page"}],"author":[{"embeddable":true,"href":"https:\/\/www.art-events.de\/de\/wp-json\/wp\/v2\/users\/2"}],"replies":[{"embeddable":true,"href":"https:\/\/www.art-events.de\/de\/wp-json\/wp\/v2\/comments?post=770"}],"version-history":[{"count":3,"href":"https:\/\/www.art-events.de\/de\/wp-json\/wp\/v2\/pages\/770\/revisions"}],"predecessor-version":[{"id":777,"href":"https:\/\/www.art-events.de\/de\/wp-json\/wp\/v2\/pages\/770\/revisions\/777"}],"wp:attachment":[{"href":"https:\/\/www.art-events.de\/de\/wp-json\/wp\/v2\/media?parent=770"}],"curies":[{"name":"wp","href":"https:\/\/api.w.org\/{rel}","templated":true}]}}