{"id":750,"date":"2025-02-25T16:53:54","date_gmt":"2025-02-25T15:53:54","guid":{"rendered":"https:\/\/www.art-events.de\/de\/?page_id=750"},"modified":"2026-01-21T12:03:27","modified_gmt":"2026-01-21T11:03:27","slug":"mobile-waage","status":"publish","type":"page","link":"https:\/\/www.art-events.de\/de\/mobile-waage\/","title":{"rendered":"Mobile Waage"},"content":{"rendered":"\n<p class=\"has-large-font-size\"><strong>Mobile Tier- und Zweiradwaage<\/strong><\/p>\n\n\n<div class=\"wp-block-image\">\n<figure class=\"aligncenter size-large\"><img decoding=\"async\" src=\"https:\/\/www.art-events.de\/images\/250225-triumpx800x600.jpg\" alt=\"\"\/><\/figure>\n<\/div>\n\n\n<p>Gewichte sind wichtig!<\/p>\n\n\n\n<p>Seid ihr \u00fcberladen sinkt die Verkehrssicherheit. Euch droht ein Bussgeld und im schlimmsten Fall sogar die Stilllegung. Insbesondere Motorr\u00e4der aus Fernost haben h\u00e4ufig ein tolles Design &#8211; aber eine erschreckend kleine Zuladung. Da reicht es manchmal nur f\u00fcr einen leichten Fahrer mit wenig oder gar kein Gep\u00e4ck! <\/p>\n\n\n\n<p>Mit unserer Zweirad- und Tierwaage bieten wir euch die ideale L\u00f6sung, um eine pr\u00e4zise und flexible M\u00f6glichkeit zur Gewichtserfassung von Tieren und Zweir\u00e4dern zu bekommen. Wie bieten Euch Wiegungen &#8211; bei uns auf dem Hof oder mobil, da wo Ihr es ben\u00f6tigt! <\/p>\n\n\n\n<h3 class=\"wp-block-heading\"><strong>Vorteile unserer mobilen Waage:<\/strong><\/h3>\n\n\n\n<p>\u2705 <strong>Pr\u00e4zise Messergebnisse<\/strong> \u2013 Hohe Messgenauigkeit f\u00fcr zuverl\u00e4ssige Gewichtsdaten<br>\u2705 <strong>Flexibel einsetzbar<\/strong> \u2013 Ihr k\u00f6nnt bei uns wiegen &#8211; oder wir kommen zu Euch vor Ort<br>\u2705 <strong>Mobil &amp; leicht transportierbar<\/strong> \u2013 Einfach zu bewegen und schnell einsatzbereit<br>\u2705 <strong>Rutschfeste Oberfl\u00e4che<\/strong> \u2013 Sicheres Wiegen auch bei unruhigen Tieren oder Fahrzeugen<br>\u2705 <strong>Langlebig &amp; wetterfest<\/strong> \u2013 Robuste Materialien f\u00fcr den Innen- und Au\u00dfeneinsatz<\/p>\n\n\n\n<h3 class=\"wp-block-heading\"><strong>Perfekt f\u00fcr Tiere &amp; Zweir\u00e4der<\/strong><\/h3>\n\n\n\n<p>\ud83d\udc0e <strong>Tiere:<\/strong> Die Waage eignet sich hervorragend f\u00fcr Pferde, Rinder, Schafe, Hunde und andere Tiere. Die niedrige Bauh\u00f6he und die rutschfeste Oberfl\u00e4che sorgen f\u00fcr ein stressfreies Wiegen.<\/p>\n\n\n\n<p>\ud83c\udfcd\ufe0f <strong>Zweir\u00e4der:<\/strong> Ob Motorr\u00e4der, E-Bikes oder Roller \u2013 unsere Waage erfasst das Gewicht schnell und pr\u00e4zise. Ideal f\u00fcr Werkst\u00e4tten oder den privaten Gebrauch.<\/p>\n\n\n\n<h3 class=\"wp-block-heading\"><strong>Technik<\/strong><\/h3>\n\n\n\n<p>stabile Wiegeplattform: 2x 1 Meter (d.h. Radstand max 2 Meter)<br>Gewicht: bis zu 1.5 tonnen, digitale Wiegezellen<br>sofortige Gewichtsanzeige im Display<\/p>\n\n\n\n<h3 class=\"wp-block-heading\"><strong>Jetzt mehr erfahren!<\/strong><\/h3>\n\n\n\n<p>Holt Euch die Sicherheit einer genauen Gewichtsbestimmung und kontaktet uns f\u00fcr einen individuellen Wiegetermin! <\/p>\n\n\n\n<div class=\"wp-block-columns is-layout-flex wp-container-core-columns-is-layout-9d6595d7 wp-block-columns-is-layout-flex\">\n<div class=\"wp-block-column is-layout-flow wp-block-column-is-layout-flow\"><div class=\"wp-block-image\">\n<figure class=\"aligncenter size-large\"><img decoding=\"async\" src=\"https:\/\/tier-fit-burgdorf.de\/images\/250219-pferdewaagex800x600.jpg\" alt=\"\"\/><\/figure>\n<\/div><\/div>\n\n\n\n<div class=\"wp-block-column is-layout-flow wp-block-column-is-layout-flow\"><div class=\"wp-block-image\">\n<figure class=\"aligncenter size-large\"><img decoding=\"async\" src=\"https:\/\/www.art-events.de\/images\/2502025-triumph2.jpg\" alt=\"\"\/><\/figure>\n<\/div><\/div>\n\n\n\n<div class=\"wp-block-column is-layout-flow wp-block-column-is-layout-flow\"><\/div>\n<\/div>\n\n\n<style>.wp-block-kadence-advancedbtn.kb-btns750_b3c8f5-a4{gap:var(--global-kb-gap-xs, 0.5rem );justify-content:center;align-items:center;}.kt-btns750_b3c8f5-a4 .kt-button{font-weight:normal;font-style:normal;}.kt-btns750_b3c8f5-a4 .kt-btn-wrap-0{margin-right:5px;}.wp-block-kadence-advancedbtn.kt-btns750_b3c8f5-a4 .kt-btn-wrap-0 .kt-button{color:#555555;border-color:#555555;}.wp-block-kadence-advancedbtn.kt-btns750_b3c8f5-a4 .kt-btn-wrap-0 .kt-button:hover, .wp-block-kadence-advancedbtn.kt-btns750_b3c8f5-a4 .kt-btn-wrap-0 .kt-button:focus{color:#ffffff;border-color:#444444;}.wp-block-kadence-advancedbtn.kt-btns750_b3c8f5-a4 .kt-btn-wrap-0 .kt-button::before{display:none;}.wp-block-kadence-advancedbtn.kt-btns750_b3c8f5-a4 .kt-btn-wrap-0 .kt-button:hover, .wp-block-kadence-advancedbtn.kt-btns750_b3c8f5-a4 .kt-btn-wrap-0 .kt-button:focus{background:#444444;}<\/style>\n<div class=\"wp-block-kadence-advancedbtn kb-buttons-wrap kb-btns750_b3c8f5-a4\"><style>ul.menu .wp-block-kadence-advancedbtn .kb-btn750_fa7438-e5.kb-button{width:initial;}<\/style><a class=\"kb-button kt-button button kb-btn750_fa7438-e5 kt-btn-size-standard kt-btn-width-type-auto kb-btn-global-fill  kt-btn-has-text-true kt-btn-has-svg-false  wp-block-kadence-singlebtn\" href=\"https:\/\/tier-fit-burgdorf.de\/home\/leistungen\/pferdewaage\/\" target=\"_blank\" rel=\"noreferrer noopener\"><span class=\"kt-btn-inner-text\">Mehr Infos zur mobilen Pferdewaage<\/span><\/a><\/div>\n","protected":false},"excerpt":{"rendered":"<p>Mobile Tier- und Zweiradwaage Gewichte sind wichtig! Seid ihr \u00fcberladen sinkt die Verkehrssicherheit. Euch droht ein Bussgeld und im schlimmsten Fall sogar die Stilllegung. Insbesondere Motorr\u00e4der aus Fernost haben h\u00e4ufig ein tolles Design &#8211; aber eine erschreckend kleine Zuladung. Da reicht es manchmal nur f\u00fcr einen leichten Fahrer mit wenig oder gar kein Gep\u00e4ck! Mit &#8230; <a title=\"Mobile Waage\" class=\"read-more\" href=\"https:\/\/www.art-events.de\/de\/mobile-waage\/\" aria-label=\"Mehr dazu unter Mobile Waage\">Weiterlesen<\/a><\/p>\n","protected":false},"author":2,"featured_media":0,"parent":0,"menu_order":0,"comment_status":"closed","ping_status":"closed","template":"","meta":{"footnotes":""},"class_list":["post-750","page","type-page","status-publish"],"aioseo_notices":[],"_links":{"self":[{"href":"https:\/\/www.art-events.de\/de\/wp-json\/wp\/v2\/pages\/750","targetHints":{"allow":["GET"]}}],"collection":[{"href":"https:\/\/www.art-events.de\/de\/wp-json\/wp\/v2\/pages"}],"about":[{"href":"https:\/\/www.art-events.de\/de\/wp-json\/wp\/v2\/types\/page"}],"author":[{"embeddable":true,"href":"https:\/\/www.art-events.de\/de\/wp-json\/wp\/v2\/users\/2"}],"replies":[{"embeddable":true,"href":"https:\/\/www.art-events.de\/de\/wp-json\/wp\/v2\/comments?post=750"}],"version-history":[{"count":5,"href":"https:\/\/www.art-events.de\/de\/wp-json\/wp\/v2\/pages\/750\/revisions"}],"predecessor-version":[{"id":842,"href":"https:\/\/www.art-events.de\/de\/wp-json\/wp\/v2\/pages\/750\/revisions\/842"}],"wp:attachment":[{"href":"https:\/\/www.art-events.de\/de\/wp-json\/wp\/v2\/media?parent=750"}],"curies":[{"name":"wp","href":"https:\/\/api.w.org\/{rel}","templated":true}]}}