{"id":632,"date":"2022-11-15T17:34:01","date_gmt":"2022-11-15T16:34:01","guid":{"rendered":"https:\/\/www.art-events.de\/de\/?page_id=632"},"modified":"2023-02-21T13:29:40","modified_gmt":"2023-02-21T12:29:40","slug":"datenschutz","status":"publish","type":"page","link":"https:\/\/www.art-events.de\/de\/datenschutz\/","title":{"rendered":"Datenschutz"},"content":{"rendered":"\n<p><strong>Hinweise zum Datenschutz<\/strong><\/p>\n\n\n\n<p>Die Firma Art-Events Walter &amp; Schilling GmbH ist sich der Bedeutung der personenbezogenen Daten, die ihr anvertraut werden, bewusst. Es ist eine unserer fundamentalen Aufgaben als Firma, die Vertraulichkeit der Daten sicherzustellen, die von Kunden und Besuchern diesen Websites anvertraut werden. Im Folgenden werden einige der Vorkehrungen erkl\u00e4rt, die dem Schutz Ihrer Privatsph\u00e4re dienen.<\/p>\n\n\n\n<p><strong>Erhebt Art-Events Walter &amp; Schilling GmbH personenbezogene Daten?<\/strong><\/p>\n\n\n\n<p>Wir erheben, verarbeiten und nutzen auf unseren Webseiten nur technisch notwendige Daten. Personenbezogene Daten werden von uns nicht erhoben oder ausgewertet, ausgenommen wenn Sie diese in Kontaktfeldern oder explizit an uns \u00fcbermitteln. In diesem Fall werden die Daten zu dem Zweck erhoben, Ihnen noch bessere Produkte und Dienstleistungen anbieten zu k\u00f6nnen, unsere Gesch\u00e4ftsabl\u00e4ufe noch st\u00e4rker auf unsere Kunden auszurichten und einen effizienten Zugang zu Produktinformationen und Anfragen zu gestalten. Pers\u00f6nliche Daten, die Sie uns beim Besuch dieser Webseite mitteilen, werden gem\u00e4\u00df dem Bundesdatenschutzgesetz (BDSG) und anderen gesetzlichen Bestimmungen, die f\u00fcr den elektronischen Gesch\u00e4ftsverkehr gelten, verarbeitet.<\/p>\n\n\n\n<p><strong>Erhebung und Verwendung von Daten<\/strong><\/p>\n\n\n\n<p>Bei jedem Besuch der Internet-Seiten von Art-Events Walter &amp; Schilling GmbH und bei der Nutzung unseres Angebotes werden durch die verwendeten Techniken (&#8222;Browser&#8220;) Daten \u00fcber diesen Vorgang protokolliert. Dies sind: Ihre IP-Adresse, die Internet-Seite, von der Sie kommen, die Seiten, die Sie anklicken, sowie das Datum und die Dauer des Besuchs. Diese Informationen werden aus technischen Gr\u00fcnen erhoben. Eine Speicherung oder Auswertung bei uns findet nicht statt. Es werden keine personenbezogene Nutzerprofile erstellt. <\/p>\n\n\n\n<p><strong>Hinweis f\u00fcr Android Apps<\/strong><\/p>\n\n\n\n<p>Wir erheben mit unseren Apps keine benutzerspezifischen Daten. Eine Speicherung bei uns findet nicht statt. Abweichungen hiervon werden gesondert in der Dokumentation zur jeweiligen App bekannt gegeben. <\/p>\n\n\n\n<p><strong>Einsatz von Cookies<\/strong><\/p>\n\n\n\n<p>Das von uns verwendete Content System (&#8222;WordPress&#8220;) verwendet technisch notwendige Cookies, mit denen w\u00e4hrend Ihres Besuchs auf dieser Website Daten auf Ihren Rechner gesendet werden. Cookies sind kleine Datens\u00e4tze, die beim Aufruf von Webseiten erzeugt werden. Mit Hilfe von Cookies kann der Webserver benutzerspezifische Informationen abrufen, die dazu dienen, die Nutzung der Website f\u00fcr den Besucher einfacher und bequemer gestalten. So f\u00fchren Cookies zu Zeitersparnis, wenn Sie unsere Web Pr\u00e4senz erneut besuchen. Cookies k\u00f6nnen nicht dazu verwendet werden, Programme auszuf\u00fchren oder Ihren Rechner mit Viren zu infizieren. Das System nutzt Cookies, um nicht personenbezogene Daten von Online-Besuchern zu erfassen. Cookies halten \u00fcblicherweise den Browsertyp, das Betriebssystem und den Internet Service Provider fest und erm\u00f6glichen uns z.B. einen tabellarischen \u00dcberblick \u00fcber die Gesamtzahl der Besucher auf unserer Website. Sie k\u00f6nnen Ihren Browser aber auch so einstellen, dass Cookies generell abgelehnt werden, oder dass Sie die Annahme von Cookies jeweils best\u00e4tigen m\u00fcssen. Entscheiden Sie sich grunds\u00e4tzlich gegen Cookies, k\u00f6nnen Sie m\u00f6glicherweise bestimmte Funktionen auf unserer Website nicht nutzen. Die Hilfe-Funktion in der Men\u00fcleiste der meisten Webbrowser erkl\u00e4rt Ihnen, wie Sie Ihren Browser davon abhalten, neue Cookies zu akzeptieren, wie Sie Ihren Browser Sie darauf hinweisen lassen, wenn Sie ein neues Cookie erhalten oder auch, wie Sie s\u00e4mtliche erhaltenen Cookies ausschalten. Wie Sie die Cookie-Einstellungen Ihres Browsers \u00e4ndern, erfahren Sie auf den folgenden Seiten: Microsoft Internet Explorer und Mozilla. Eine Speicherung oder Auswertung der Cookies unsererseits findet nicht statt.<\/p>\n\n\n\n<p><strong>Datenschutzerkl\u00e4rung \/ Hinweise f\u00fcr Facebook Plugins \/ Like Button<\/strong><\/p>\n\n\n\n<p>Es ist m\u00f6glich, dass auf unseren Seiten Plugins des sozialen Netzwerks Facebook, Anbieter Facebook Inc., 1 Hacker Way, Menlo Park, California 94025, USA, integriert sind. Die Facebook-Plugins erkennen Sie an dem Facebook-Logo oder dem &#8222;Like-Button&#8220; (&#8222;Gef\u00e4llt mir&#8220;) auf unserer Seite. Eine \u00fcbersicht \u00fcber die Facebook-Plugins finden Sie hier: <a href=\"http:\/\/developers.facebook.com\/docs\/plugins\/\">http:\/\/developers.facebook.com\/docs\/plugins\/<\/a>.<\/p>\n\n\n\n<p>Wenn Sie unsere Seiten besuchen, wird \u00fcber das Plugin eine direkte Verbindung zwischen Ihrem Browser und dem Facebook-Server hergestellt. Facebook erh\u00e4lt dadurch die Information, dass Sie mit Ihrer IP-Adresse unsere Seite besucht haben. Wenn Sie den Facebook &#8222;Like-Button&#8220; anklicken w\u00e4hrend Sie in Ihrem Facebook-Account eingeloggt sind, k\u00f6nnen Sie die Inhalte unserer Seiten auf Ihrem Facebook-Profil verlinken. Dadurch kann Facebook den Besuch unserer Seiten Ihrem Benutzerkonto zuordnen. Wir weisen darauf hin, dass wir als Anbieter der Seiten keine Kenntnis vom Inhalt der \u00fcbermittelten Daten sowie deren Nutzung durch Facebook erhalten. Weitere Informationen hierzu finden Sie in der Datenschutzerkl\u00e4rung von Facebook unter <a href=\"http:\/\/de-de.facebook.com\/policy.php\">http:\/\/de-de.facebook.com\/policy.php<\/a>.<\/p>\n\n\n\n<p>Wenn Sie nicht w\u00fcnschen, dass Facebook den Besuch unserer Seiten Ihrem Facebook-Nutzerkonto zuordnen kann, loggen Sie sich bitte aus Ihrem Facebook-Benutzerkonto aus.<\/p>\n\n\n\n<p><strong>Hinweise zu Google Analytics:<\/strong><\/p>\n\n\n\n<p>Unsere Webseiten nutzen \u00fcblicherweise Google Dienste wie z.B.  Google Analytics, einen Webanalysedienst der Google Inc. (&#8222;Google&#8220;). F\u00fcr Google Analytics gilt: Anbieter ist die Google Inc., 1600 Amphitheatre Parkway Mountain View, CA 94043, USA. Auch Google verwendet sog. &#8222;Cookies&#8220;, Textdateien, die auf Ihrem Computer gespeichert werden und die eine Analyse der Benutzung der Website durch Sie erm\u00f6glicht. Die durch den Cookie erzeugten Informationen \u00fcber Ihre Benutzung dieser Website (einschlie\u00dflich Ihrer IP-Adresse) wird an einen Server von Google in den USA \u00fcbertragen und dort gespeichert. Google wird diese Informationen benutzen, um Ihre Nutzung der Website auszuwerten, um Reports \u00fcber die Websiteaktivit\u00e4ten f\u00fcr den Betreiber zusammenzustellen und um weitere mit der Websitenutzung und der Internetnutzung verbundene Dienstleistungen zu erbringen. Auch wird Google diese Informationen gegebenenfalls an Dritte \u00fcbertragen, sofern dies gesetzlich vorgeschrieben oder soweit Dritte diese Daten im Auftrag von Google verarbeiten. Sie k\u00f6nnen die Installation der Cookies durch eine entsprechende Einstellung Ihrer Browser-Software verhindern; in diesem Fall k\u00f6nnen Sie gegebenenfalls nicht s\u00e4mtliche Funktionen dieser Website voll umf\u00e4nglich nutzen. Durch die Nutzung dieser Website erkl\u00e4ren Sie sich mit der Bearbeitung der \u00fcber Sie erhobenen Daten durch Google in der zuvor beschriebenen Art und Weise und zu dem zuvor benannten Zweck einverstanden. Die Daten werden von Google im Auftrag des Betreibers auf Grund eines Vertrages zur Auftragsdatenverarbeitung gesammelt. Die rechtlichen Vorgaben werden dabei stets ber\u00fccksichtigt, diese werden st\u00e4ndig vom Betreiber kontrolliert. Google kontrolliert die Aufbewahrung der Daten, l\u00f6scht diese aber regelm\u00e4\u00dfig entsprechend der gesetzlichen Vorgaben. Mehr Informationen zum Umgang mit Nutzerdaten bei Google Analytics finden Sie in der Datenschutzerkl\u00e4rung von Google: <a href=\"https:\/\/support.google.com\/analytics\/answer\/6004245?hl=de\">https:\/\/support.google.com\/analytics\/answer\/6004245?hl=de<\/a><\/p>\n\n\n\n<p><strong>Sonstige Links auf externe Anbieter<\/strong><\/p>\n\n\n\n<p>Soweit dar\u00fcber hinaus auf Webseiten anderer Anbieter verlinkt wird, gilt diese Datenschutzerkl\u00e4rung nicht f\u00fcr deren Inhalte. Welche Daten die Betreiber dieser Seiten m\u00f6glicherweise erheben, entzieht sich der Kenntnis und dem Einflussbereich von Art-Events Walter &amp; Schilling GmbH. Informationen erhalten Sie im Datenschutzhinweis der jeweiligen Seite.<\/p>\n\n\n\n<p><strong>Verschl\u00fcsselung pers\u00f6nlicher Daten<\/strong><\/p>\n\n\n\n<p>Alle Angaben, die Sie Art-Events Walter &amp; Schilling GmbH in Dialog- und Antragsformularen anvertrauen, werden mittels moderner Internet-Technik sicher \u00fcbermittelt und ausschlie\u00dflich zweckgebunden genutzt.&nbsp;Art-Events Walter &amp; Schilling GmbH verwendet ein \u00dcbertragungsverfahren, das auf dem SSL-Protokoll (Secure Sockets Layer-Protokoll) basiert. Letzteres erm\u00f6glicht eine Verschl\u00fcsselung des gesamten Datenverkehrs zwischen Ihrem Browser und dem Server von Art-Events Walter &amp; Schilling GmbH. Dadurch werden Ihre Daten auf dem \u00dcbertragungsweg vor Manipulationen und dem unbefugten Zugriff Dritter gesch\u00fctzt.<\/p>\n\n\n\n<p><strong>Zweckbindung Ihrer Daten<\/strong><\/p>\n\n\n\n<p>Ihre pers\u00f6nlichen Daten werden nur zu dem Zweck verwendet, f\u00fcr den Sie diese Art-Events Walter &amp; Schilling GmbH \u00fcberlassen bzw. f\u00fcr deren Nutzung und Weitergabe Sie Ihr Einverst\u00e4ndnis gegeben haben. Erhebungen von bzw. \u00dcbermittlungen an staatliche Einrichtungen und Beh\u00f6rden erfolgen nur im Rahmen zwingender nationaler Rechtsvorschriften. Art-Events Walter &amp; Schilling GmbH-Mitarbeiter sind zur Verschwiegenheit und dem Datengeheimnis verpflichtet.<\/p>\n\n\n\n<p><strong>Datenschutzhinweise \u2013 Unser Umgang mit Ihren Daten und Ihre Rechte Informationen nach Art. 13, 14 und 21 Datenschutz-Grundverordnung \u2013 DSGVO<\/strong><\/p>\n\n\n\n<p>Jenseits der Website verarbeiten wir personenbezogene Daten auch grunds\u00e4tzlich im Rahmen unserer Gesch\u00e4ftsbeziehung. Eine weitere Nutzung von uns findet nicht statt. <\/p>\n","protected":false},"excerpt":{"rendered":"<p>Hinweise zum Datenschutz Die Firma Art-Events Walter &amp; Schilling GmbH ist sich der Bedeutung der personenbezogenen Daten, die ihr anvertraut werden, bewusst. Es ist eine unserer fundamentalen Aufgaben als Firma, die Vertraulichkeit der Daten sicherzustellen, die von Kunden und Besuchern diesen Websites anvertraut werden. Im Folgenden werden einige der Vorkehrungen erkl\u00e4rt, die dem Schutz Ihrer &#8230; <a title=\"Datenschutz\" class=\"read-more\" href=\"https:\/\/www.art-events.de\/de\/datenschutz\/\" aria-label=\"Mehr dazu unter Datenschutz\">Weiterlesen<\/a><\/p>\n","protected":false},"author":2,"featured_media":0,"parent":0,"menu_order":0,"comment_status":"closed","ping_status":"closed","template":"","meta":{"footnotes":""},"class_list":["post-632","page","type-page","status-publish"],"aioseo_notices":[],"_links":{"self":[{"href":"https:\/\/www.art-events.de\/de\/wp-json\/wp\/v2\/pages\/632","targetHints":{"allow":["GET"]}}],"collection":[{"href":"https:\/\/www.art-events.de\/de\/wp-json\/wp\/v2\/pages"}],"about":[{"href":"https:\/\/www.art-events.de\/de\/wp-json\/wp\/v2\/types\/page"}],"author":[{"embeddable":true,"href":"https:\/\/www.art-events.de\/de\/wp-json\/wp\/v2\/users\/2"}],"replies":[{"embeddable":true,"href":"https:\/\/www.art-events.de\/de\/wp-json\/wp\/v2\/comments?post=632"}],"version-history":[{"count":0,"href":"https:\/\/www.art-events.de\/de\/wp-json\/wp\/v2\/pages\/632\/revisions"}],"wp:attachment":[{"href":"https:\/\/www.art-events.de\/de\/wp-json\/wp\/v2\/media?parent=632"}],"curies":[{"name":"wp","href":"https:\/\/api.w.org\/{rel}","templated":true}]}}