{"id":224,"date":"2021-08-12T12:42:28","date_gmt":"2021-08-12T10:42:28","guid":{"rendered":"https:\/\/www.art-events.de\/de\/?page_id=224"},"modified":"2021-08-12T21:05:21","modified_gmt":"2021-08-12T19:05:21","slug":"special-picture-service","status":"publish","type":"page","link":"https:\/\/www.art-events.de\/de\/home\/special-picture-service\/","title":{"rendered":"Special Picture Service"},"content":{"rendered":"\n<h1 class=\"wp-block-heading\">Spezial Bilder u. Videos: Unterwasser u. Drohnenbilder<\/h1>\n\n\n\n<p class=\"has-medium-font-size\">Ob unter Wasser oder in der Luft &#8211; wir bieten:<\/p>\n\n\n\n<ul class=\"has-medium-font-size wp-block-list\"><li>Drohnenbilder Ihrer Objekte und Liegenschaften<\/li><li>Tauchbilder und Unterwasser Dokumentationen<\/li><\/ul>\n\n\n\n<p>Modernste Unterwassercameras und Drohnentechnik f\u00fcr Luftbild Foto u. Videoaufnahmen. 12&#8230;48-MP-Kameras oder 4K Videotechnik liefern beindruckende Inhalte. Durch aktuelle Cameratechnik auf motorisierten 3-Achsen-Kardanantrieben erhalten Sie aus (fast) jeder Entfernung atemberaubende Bildqualit\u00e4t Ihres Objektes. (Typ. Aufl\u00f6sungen: 4000&#215;3000 \/ 4:3 oder 4000&#215;2250 \/ 16:9). <\/p>\n\n\n\n<p>Drohnenbilder und -Videos &#8211; u.a. perfekt f\u00fcr: <\/p>\n\n\n\n<ul class=\"wp-block-list\"><li>Dokumentation Ihrer Geb\u00e4ude f\u00fcr Verkauf- oder Servicezwecke<\/li><li>Eigenbegutachtung z.B. von Dachfl\u00e4chen \/ Solaranlagen etc.<\/li><li>zur Vor- oder Nachbearbeitung von Handwerksarbeiten<\/li><li>Schadensdokumentation von Versicherungen<\/li><li>f\u00fcr Werbe-, Event- oder Pressezwecke <\/li><li>Landwirtschaft \/ Immobilienverwaltung<\/li><li>oder auch als Ansicht \/ Erinnerung bzw. aus welchen Gr\u00fcnden auch immer.<\/li><\/ul>\n\n\n<style>#kt-layout-id_afec48-9a{margin-bottom:0px;}#kt-layout-id_afec48-9a > .kt-row-column-wrap{align-content:start;}:where(#kt-layout-id_afec48-9a > .kt-row-column-wrap) > .wp-block-kadence-column{justify-content:start;}#kt-layout-id_afec48-9a > .kt-row-column-wrap{column-gap:var(--global-kb-gap-md, 2rem);row-gap:var(--global-kb-gap-md, 2rem);padding-top:var( --global-kb-row-default-top, 25px );padding-bottom:var( --global-kb-row-default-bottom, 25px );padding-top:var(--global-kb-spacing-sm, 1.5rem);padding-bottom:var(--global-kb-spacing-sm, 1.5rem);}#kt-layout-id_afec48-9a > .kt-row-column-wrap > div:not(.added-for-specificity){grid-column:initial;}#kt-layout-id_afec48-9a > .kt-row-column-wrap{grid-template-columns:repeat(3, minmax(0, 1fr));}#kt-layout-id_afec48-9a > .kt-row-layout-overlay{opacity:0.30;}@media all and (max-width: 1024px){#kt-layout-id_afec48-9a > .kt-row-column-wrap > div:not(.added-for-specificity){grid-column:initial;}}@media all and (max-width: 1024px){#kt-layout-id_afec48-9a > .kt-row-column-wrap{grid-template-columns:repeat(3, minmax(0, 1fr));}}@media all and (max-width: 767px){#kt-layout-id_afec48-9a > .kt-row-column-wrap > div:not(.added-for-specificity){grid-column:initial;}#kt-layout-id_afec48-9a > .kt-row-column-wrap{grid-template-columns:minmax(0, 1fr);}}<\/style>\n<div class=\"wp-block-kadence-rowlayout alignnone\"><div id=\"kt-layout-id_afec48-9a\" class=\"kt-row-layout-inner kt-layout-id_afec48-9a\"><div class=\"kt-row-column-wrap kt-has-3-columns kt-gutter-default kt-v-gutter-default kt-row-valign-top kt-row-layout-equal kt-tab-layout-inherit kt-m-colapse-left-to-right kt-mobile-layout-row\"><style>.kadence-column_720ea7-22 > .kt-inside-inner-col{border-top-width:0px;border-right-width:0px;border-bottom-width:0px;border-left-width:0px;}.kadence-column_720ea7-22 > .kt-inside-inner-col,.kadence-column_720ea7-22 > .kt-inside-inner-col:before{border-top-left-radius:0px;border-top-right-radius:0px;border-bottom-right-radius:0px;border-bottom-left-radius:0px;}.kadence-column_720ea7-22 > .kt-inside-inner-col{column-gap:var(--global-kb-gap-sm, 1rem);}.kadence-column_720ea7-22 > .kt-inside-inner-col{flex-direction:column;}.kadence-column_720ea7-22 > .kt-inside-inner-col > .aligncenter{width:100%;}.kadence-column_720ea7-22 > .kt-inside-inner-col:before{opacity:0.3;}.kadence-column_720ea7-22{position:relative;}@media all and (max-width: 1024px){.kadence-column_720ea7-22 > .kt-inside-inner-col{flex-direction:column;justify-content:center;}}@media all and (max-width: 767px){.kadence-column_720ea7-22 > .kt-inside-inner-col{flex-direction:column;justify-content:center;}}<\/style>\n<div class=\"wp-block-kadence-column inner-column-1 kadence-column_720ea7-22\"><div class=\"kt-inside-inner-col\">\n<figure class=\"wp-block-image size-large\"><img decoding=\"async\" src=\"https:\/\/www.art-events.de\/images\/210812-specdrohne1.jpg\" alt=\"\"\/><figcaption>Drohnenbilder u. -Videos: Dokumentationen Ihrer Geb\u00e4ude u. Liegenschaften<\/figcaption><\/figure>\n<\/div><\/div>\n\n\n<style>.kadence-column_e578ec-40 > .kt-inside-inner-col{border-top-width:0px;border-right-width:0px;border-bottom-width:0px;border-left-width:0px;}.kadence-column_e578ec-40 > .kt-inside-inner-col,.kadence-column_e578ec-40 > .kt-inside-inner-col:before{border-top-left-radius:0px;border-top-right-radius:0px;border-bottom-right-radius:0px;border-bottom-left-radius:0px;}.kadence-column_e578ec-40 > .kt-inside-inner-col{column-gap:var(--global-kb-gap-sm, 1rem);}.kadence-column_e578ec-40 > .kt-inside-inner-col{flex-direction:column;}.kadence-column_e578ec-40 > .kt-inside-inner-col > .aligncenter{width:100%;}.kadence-column_e578ec-40 > .kt-inside-inner-col:before{opacity:0.3;}.kadence-column_e578ec-40{position:relative;}@media all and (max-width: 1024px){.kadence-column_e578ec-40 > .kt-inside-inner-col{flex-direction:column;justify-content:center;}}@media all and (max-width: 767px){.kadence-column_e578ec-40 > .kt-inside-inner-col{flex-direction:column;justify-content:center;}}<\/style>\n<div class=\"wp-block-kadence-column inner-column-2 kadence-column_e578ec-40\"><div class=\"kt-inside-inner-col\">\n<figure class=\"wp-block-image size-large\"><img decoding=\"async\" src=\"https:\/\/www.art-events.de\/images\/210812-specdrohne2.jpg\" alt=\"\"\/><figcaption>Dach \/ Geb\u00e4ude Inspektionen z.B. f\u00fcr Handwerker \/ Versicherungen (bis zu 120 Meter H\u00f6he)<\/figcaption><\/figure>\n<\/div><\/div>\n\n\n<style>.kadence-column_2c1db3-c9 > .kt-inside-inner-col{border-top-width:0px;border-right-width:0px;border-bottom-width:0px;border-left-width:0px;}.kadence-column_2c1db3-c9 > .kt-inside-inner-col,.kadence-column_2c1db3-c9 > .kt-inside-inner-col:before{border-top-left-radius:0px;border-top-right-radius:0px;border-bottom-right-radius:0px;border-bottom-left-radius:0px;}.kadence-column_2c1db3-c9 > .kt-inside-inner-col{column-gap:var(--global-kb-gap-sm, 1rem);}.kadence-column_2c1db3-c9 > .kt-inside-inner-col{flex-direction:column;}.kadence-column_2c1db3-c9 > .kt-inside-inner-col > .aligncenter{width:100%;}.kadence-column_2c1db3-c9 > .kt-inside-inner-col:before{opacity:0.3;}.kadence-column_2c1db3-c9{position:relative;}@media all and (max-width: 1024px){.kadence-column_2c1db3-c9 > .kt-inside-inner-col{flex-direction:column;justify-content:center;}}@media all and (max-width: 767px){.kadence-column_2c1db3-c9 > .kt-inside-inner-col{flex-direction:column;justify-content:center;}}<\/style>\n<div class=\"wp-block-kadence-column inner-column-3 kadence-column_2c1db3-c9\"><div class=\"kt-inside-inner-col\">\n<figure class=\"wp-block-image size-large\"><img decoding=\"async\" src=\"https:\/\/www.art-events.de\/images\/210812-specdrohne3.jpg\" alt=\"\"\/><figcaption>Aufnahme von Sch\u00e4den zur Vorbereitung von Reparatur- T\u00e4tigkeiten<\/figcaption><\/figure>\n<\/div><\/div>\n<\/div><\/div><\/div>\n\n\n<style>#kt-layout-id_582bf2-b0{margin-bottom:0px;}#kt-layout-id_582bf2-b0 > .kt-row-column-wrap{align-content:start;}:where(#kt-layout-id_582bf2-b0 > .kt-row-column-wrap) > .wp-block-kadence-column{justify-content:start;}#kt-layout-id_582bf2-b0 > .kt-row-column-wrap{column-gap:var(--global-kb-gap-md, 2rem);row-gap:var(--global-kb-gap-md, 2rem);padding-top:var( --global-kb-row-default-top, 25px );padding-bottom:var( --global-kb-row-default-bottom, 25px );padding-top:var(--global-kb-spacing-sm, 1.5rem);padding-bottom:var(--global-kb-spacing-sm, 1.5rem);}#kt-layout-id_582bf2-b0 > .kt-row-column-wrap > div:not(.added-for-specificity){grid-column:initial;}#kt-layout-id_582bf2-b0 > .kt-row-column-wrap{grid-template-columns:repeat(3, minmax(0, 1fr));}#kt-layout-id_582bf2-b0 > .kt-row-layout-overlay{opacity:0.30;}@media all and (max-width: 1024px){#kt-layout-id_582bf2-b0 > .kt-row-column-wrap > div:not(.added-for-specificity){grid-column:initial;}}@media all and (max-width: 1024px){#kt-layout-id_582bf2-b0 > .kt-row-column-wrap{grid-template-columns:repeat(3, minmax(0, 1fr));}}@media all and (max-width: 767px){#kt-layout-id_582bf2-b0 > .kt-row-column-wrap > div:not(.added-for-specificity){grid-column:initial;}#kt-layout-id_582bf2-b0 > .kt-row-column-wrap{grid-template-columns:minmax(0, 1fr);}}<\/style>\n<div class=\"wp-block-kadence-rowlayout alignnone\"><div id=\"kt-layout-id_582bf2-b0\" class=\"kt-row-layout-inner kt-layout-id_582bf2-b0\"><div class=\"kt-row-column-wrap kt-has-3-columns kt-gutter-default kt-v-gutter-default kt-row-valign-top kt-row-layout-equal kt-tab-layout-inherit kt-m-colapse-left-to-right kt-mobile-layout-row\"><style>.kadence-column_3c4fa9-9e > .kt-inside-inner-col{border-top-width:0px;border-right-width:0px;border-bottom-width:0px;border-left-width:0px;}.kadence-column_3c4fa9-9e > .kt-inside-inner-col,.kadence-column_3c4fa9-9e > .kt-inside-inner-col:before{border-top-left-radius:0px;border-top-right-radius:0px;border-bottom-right-radius:0px;border-bottom-left-radius:0px;}.kadence-column_3c4fa9-9e > .kt-inside-inner-col{column-gap:var(--global-kb-gap-sm, 1rem);}.kadence-column_3c4fa9-9e > .kt-inside-inner-col{flex-direction:column;}.kadence-column_3c4fa9-9e > .kt-inside-inner-col > .aligncenter{width:100%;}.kadence-column_3c4fa9-9e > .kt-inside-inner-col:before{opacity:0.3;}.kadence-column_3c4fa9-9e{position:relative;}@media all and (max-width: 1024px){.kadence-column_3c4fa9-9e > .kt-inside-inner-col{flex-direction:column;justify-content:center;}}@media all and (max-width: 767px){.kadence-column_3c4fa9-9e > .kt-inside-inner-col{flex-direction:column;justify-content:center;}}<\/style>\n<div class=\"wp-block-kadence-column inner-column-1 kadence-column_3c4fa9-9e\"><div class=\"kt-inside-inner-col\">\n<figure class=\"wp-block-image size-large\"><img decoding=\"async\" src=\"https:\/\/www.art-events.de\/images\/210812-specdrohne4.jpg\" alt=\"\"\/><figcaption>Moderne Drohnenflotte f\u00fcr Fotos und Videos (Panoramabild)<\/figcaption><\/figure>\n<\/div><\/div>\n\n\n<style>.kadence-column_0ab3ab-fb > .kt-inside-inner-col{border-top-width:0px;border-right-width:0px;border-bottom-width:0px;border-left-width:0px;}.kadence-column_0ab3ab-fb > .kt-inside-inner-col,.kadence-column_0ab3ab-fb > .kt-inside-inner-col:before{border-top-left-radius:0px;border-top-right-radius:0px;border-bottom-right-radius:0px;border-bottom-left-radius:0px;}.kadence-column_0ab3ab-fb > .kt-inside-inner-col{column-gap:var(--global-kb-gap-sm, 1rem);}.kadence-column_0ab3ab-fb > .kt-inside-inner-col{flex-direction:column;}.kadence-column_0ab3ab-fb > .kt-inside-inner-col > .aligncenter{width:100%;}.kadence-column_0ab3ab-fb > .kt-inside-inner-col:before{opacity:0.3;}.kadence-column_0ab3ab-fb{position:relative;}@media all and (max-width: 1024px){.kadence-column_0ab3ab-fb > .kt-inside-inner-col{flex-direction:column;justify-content:center;}}@media all and (max-width: 767px){.kadence-column_0ab3ab-fb > .kt-inside-inner-col{flex-direction:column;justify-content:center;}}<\/style>\n<div class=\"wp-block-kadence-column inner-column-2 kadence-column_0ab3ab-fb\"><div class=\"kt-inside-inner-col\">\n<figure class=\"wp-block-image size-large\"><img decoding=\"async\" src=\"https:\/\/www.art-events.de\/images\/210812-specuw1.jpg\" alt=\"\"\/><figcaption>Unser Dive Team arbeitet f\u00fcr Sie!<\/figcaption><\/figure>\n<\/div><\/div>\n\n\n<style>.kadence-column_15c5f4-a5 > .kt-inside-inner-col{border-top-width:0px;border-right-width:0px;border-bottom-width:0px;border-left-width:0px;}.kadence-column_15c5f4-a5 > .kt-inside-inner-col,.kadence-column_15c5f4-a5 > .kt-inside-inner-col:before{border-top-left-radius:0px;border-top-right-radius:0px;border-bottom-right-radius:0px;border-bottom-left-radius:0px;}.kadence-column_15c5f4-a5 > .kt-inside-inner-col{column-gap:var(--global-kb-gap-sm, 1rem);}.kadence-column_15c5f4-a5 > .kt-inside-inner-col{flex-direction:column;}.kadence-column_15c5f4-a5 > .kt-inside-inner-col > .aligncenter{width:100%;}.kadence-column_15c5f4-a5 > .kt-inside-inner-col:before{opacity:0.3;}.kadence-column_15c5f4-a5{position:relative;}@media all and (max-width: 1024px){.kadence-column_15c5f4-a5 > .kt-inside-inner-col{flex-direction:column;justify-content:center;}}@media all and (max-width: 767px){.kadence-column_15c5f4-a5 > .kt-inside-inner-col{flex-direction:column;justify-content:center;}}<\/style>\n<div class=\"wp-block-kadence-column inner-column-3 kadence-column_15c5f4-a5\"><div class=\"kt-inside-inner-col\">\n<figure class=\"wp-block-image size-large\"><img decoding=\"async\" src=\"https:\/\/www.art-events.de\/images\/210812-specuw2.jpg\" alt=\"\"\/><figcaption>Fische \/ Schiffe \/ Anleger \/ Bauten<\/figcaption><\/figure>\n<\/div><\/div>\n<\/div><\/div><\/div>\n\n\n\n<p><strong>Risiken vermeiden! <\/strong>D\u00e4cher zu begehen ist gef\u00e4hrlich! Erfordert teilweise hohen Sicherheitsaufwand. Schon ein kurzer Drohnenflug liefert aussagef\u00e4hige Fotodokumentation \u00fcber Dachzustand, Sch\u00e4den oder etwaige Probleme. Damit der Dachdecker Experte gezielt wei\u00df, wo er ansetzen muss. <\/p>\n\n\n\n<p><strong>Ansprechende Exposes erstellen! <\/strong>F\u00fcr den Immobilienk\u00e4ufer ist es ein Service mit Mehrwert! Eine umfassende Drohnenaufnahme seiner neuen Immobilie. Haus incl Grundst\u00fcck und Nebengeb\u00e4ude.<\/p>\n\n\n\n<p><\/p>\n\n\n<style>#kt-layout-id_5e1271-85{margin-bottom:0px;}#kt-layout-id_5e1271-85 > .kt-row-column-wrap{align-content:start;}:where(#kt-layout-id_5e1271-85 > .kt-row-column-wrap) > .wp-block-kadence-column{justify-content:start;}#kt-layout-id_5e1271-85 > .kt-row-column-wrap{column-gap:var(--global-kb-gap-md, 2rem);row-gap:var(--global-kb-gap-md, 2rem);padding-top:var( --global-kb-row-default-top, 25px );padding-bottom:var( --global-kb-row-default-bottom, 25px );padding-top:var(--global-kb-spacing-sm, 1.5rem);padding-bottom:var(--global-kb-spacing-sm, 1.5rem);grid-template-columns:repeat(2, minmax(0, 1fr));}#kt-layout-id_5e1271-85 > .kt-row-layout-overlay{opacity:0.30;}@media all and (max-width: 1024px){#kt-layout-id_5e1271-85 > .kt-row-column-wrap{grid-template-columns:repeat(2, minmax(0, 1fr));}}@media all and (max-width: 767px){#kt-layout-id_5e1271-85 > .kt-row-column-wrap{grid-template-columns:minmax(0, 1fr);}}<\/style>\n<div class=\"wp-block-kadence-rowlayout alignnone\"><div id=\"kt-layout-id_5e1271-85\" class=\"kt-row-layout-inner kt-layout-id_5e1271-85\"><div class=\"kt-row-column-wrap kt-has-2-columns kt-gutter-default kt-v-gutter-default kt-row-valign-top kt-row-layout-equal kt-tab-layout-inherit kt-m-colapse-left-to-right kt-mobile-layout-row\"><style>.kadence-column_3cf604-12 > .kt-inside-inner-col{border-top-width:0px;border-right-width:0px;border-bottom-width:0px;border-left-width:0px;}.kadence-column_3cf604-12 > .kt-inside-inner-col,.kadence-column_3cf604-12 > .kt-inside-inner-col:before{border-top-left-radius:0px;border-top-right-radius:0px;border-bottom-right-radius:0px;border-bottom-left-radius:0px;}.kadence-column_3cf604-12 > .kt-inside-inner-col{column-gap:var(--global-kb-gap-sm, 1rem);}.kadence-column_3cf604-12 > .kt-inside-inner-col{flex-direction:column;}.kadence-column_3cf604-12 > .kt-inside-inner-col > .aligncenter{width:100%;}.kadence-column_3cf604-12 > .kt-inside-inner-col:before{opacity:0.3;}.kadence-column_3cf604-12{position:relative;}@media all and (max-width: 1024px){.kadence-column_3cf604-12 > .kt-inside-inner-col{flex-direction:column;justify-content:center;}}@media all and (max-width: 767px){.kadence-column_3cf604-12 > .kt-inside-inner-col{flex-direction:column;justify-content:center;}}<\/style>\n<div class=\"wp-block-kadence-column inner-column-1 kadence-column_3cf604-12\"><div class=\"kt-inside-inner-col\">\n<div class=\"wp-block-image\"><figure class=\"aligncenter size-full\"><img loading=\"lazy\" decoding=\"async\" width=\"300\" height=\"219\" src=\"https:\/\/www.art-events.de\/de\/wp-content\/uploads\/2021\/08\/210812-uasidx300x200.jpg\" alt=\"\" class=\"wp-image-230\"\/><figcaption>Registrierter UAS Betreiber f\u00fcr Drohnentechnik<\/figcaption><\/figure><\/div>\n<\/div><\/div>\n\n\n<style>.kadence-column_49af04-15 > .kt-inside-inner-col{border-top-width:0px;border-right-width:0px;border-bottom-width:0px;border-left-width:0px;}.kadence-column_49af04-15 > .kt-inside-inner-col,.kadence-column_49af04-15 > .kt-inside-inner-col:before{border-top-left-radius:0px;border-top-right-radius:0px;border-bottom-right-radius:0px;border-bottom-left-radius:0px;}.kadence-column_49af04-15 > .kt-inside-inner-col{column-gap:var(--global-kb-gap-sm, 1rem);}.kadence-column_49af04-15 > .kt-inside-inner-col{flex-direction:column;}.kadence-column_49af04-15 > .kt-inside-inner-col > .aligncenter{width:100%;}.kadence-column_49af04-15 > .kt-inside-inner-col:before{opacity:0.3;}.kadence-column_49af04-15{position:relative;}@media all and (max-width: 1024px){.kadence-column_49af04-15 > .kt-inside-inner-col{flex-direction:column;justify-content:center;}}@media all and (max-width: 767px){.kadence-column_49af04-15 > .kt-inside-inner-col{flex-direction:column;justify-content:center;}}<\/style>\n<div class=\"wp-block-kadence-column inner-column-2 kadence-column_49af04-15\"><div class=\"kt-inside-inner-col\">\n<p class=\"has-large-font-size\">Modern &amp; erschwinglich:<\/p>\n\n\n\n<p class=\"has-large-font-size\">Preise Drohnenservice: <\/p>\n\n\n\n<p class=\"has-large-font-size\">ab 99,- Euro netto (zzgl. MwSt.)<\/p>\n\n\n\n<p><\/p>\n<\/div><\/div>\n<\/div><\/div><\/div>\n\n\n<style>#kt-layout-id_2acd1c-1c{margin-bottom:0px;}#kt-layout-id_2acd1c-1c > .kt-row-column-wrap{align-content:start;}:where(#kt-layout-id_2acd1c-1c > .kt-row-column-wrap) > .wp-block-kadence-column{justify-content:start;}#kt-layout-id_2acd1c-1c > .kt-row-column-wrap{column-gap:var(--global-kb-gap-md, 2rem);row-gap:var(--global-kb-gap-md, 2rem);padding-top:var( --global-kb-row-default-top, 25px );padding-bottom:var( --global-kb-row-default-bottom, 25px );padding-top:var(--global-kb-spacing-sm, 1.5rem);padding-bottom:var(--global-kb-spacing-sm, 1.5rem);grid-template-columns:minmax(0, calc(25% - ((var(--global-kb-gap-md, 2rem) * 1 )\/2)))minmax(0, calc(75% - ((var(--global-kb-gap-md, 2rem) * 1 )\/2)));}#kt-layout-id_2acd1c-1c > .kt-row-layout-overlay{opacity:0.30;}@media all and (max-width: 1024px){#kt-layout-id_2acd1c-1c > .kt-row-column-wrap{grid-template-columns:repeat(2, minmax(0, 1fr));}}@media all and (max-width: 767px){#kt-layout-id_2acd1c-1c > .kt-row-column-wrap{grid-template-columns:minmax(0, 1fr);}}<\/style>\n<div class=\"wp-block-kadence-rowlayout alignnone\"><div id=\"kt-layout-id_2acd1c-1c\" class=\"kt-row-layout-inner kt-layout-id_2acd1c-1c\"><div class=\"kt-row-column-wrap kt-has-2-columns kt-gutter-default kt-v-gutter-default kt-row-valign-top kt-row-layout-equal kt-tab-layout-inherit kt-m-colapse-left-to-right kt-mobile-layout-row  kt-custom-first-width-25  kt-custom-second-width-75\"><style>.kadence-column_fdd8f6-bf > .kt-inside-inner-col{border-top-width:0px;border-right-width:0px;border-bottom-width:0px;border-left-width:0px;}.kadence-column_fdd8f6-bf > .kt-inside-inner-col,.kadence-column_fdd8f6-bf > .kt-inside-inner-col:before{border-top-left-radius:0px;border-top-right-radius:0px;border-bottom-right-radius:0px;border-bottom-left-radius:0px;}.kadence-column_fdd8f6-bf > .kt-inside-inner-col{column-gap:var(--global-kb-gap-sm, 1rem);}.kadence-column_fdd8f6-bf > .kt-inside-inner-col{flex-direction:column;}.kadence-column_fdd8f6-bf > .kt-inside-inner-col > .aligncenter{width:100%;}.kadence-column_fdd8f6-bf > .kt-inside-inner-col:before{opacity:0.3;}.kadence-column_fdd8f6-bf{position:relative;}@media all and (max-width: 1024px){.kadence-column_fdd8f6-bf > .kt-inside-inner-col{flex-direction:column;justify-content:center;}}@media all and (max-width: 767px){.kadence-column_fdd8f6-bf > .kt-inside-inner-col{flex-direction:column;justify-content:center;}}<\/style>\n<div class=\"wp-block-kadence-column inner-column-1 kadence-column_fdd8f6-bf\"><div class=\"kt-inside-inner-col\">\n<p class=\"has-medium-font-size\"><strong>Rechtliches:<\/strong><\/p>\n<\/div><\/div>\n\n\n<style>.kadence-column_7ee841-e5 > .kt-inside-inner-col{border-top-width:0px;border-right-width:0px;border-bottom-width:0px;border-left-width:0px;}.kadence-column_7ee841-e5 > .kt-inside-inner-col,.kadence-column_7ee841-e5 > .kt-inside-inner-col:before{border-top-left-radius:0px;border-top-right-radius:0px;border-bottom-right-radius:0px;border-bottom-left-radius:0px;}.kadence-column_7ee841-e5 > .kt-inside-inner-col{column-gap:var(--global-kb-gap-sm, 1rem);}.kadence-column_7ee841-e5 > .kt-inside-inner-col{flex-direction:column;}.kadence-column_7ee841-e5 > .kt-inside-inner-col > .aligncenter{width:100%;}.kadence-column_7ee841-e5 > .kt-inside-inner-col:before{opacity:0.3;}.kadence-column_7ee841-e5{position:relative;}@media all and (max-width: 1024px){.kadence-column_7ee841-e5 > .kt-inside-inner-col{flex-direction:column;justify-content:center;}}@media all and (max-width: 767px){.kadence-column_7ee841-e5 > .kt-inside-inner-col{flex-direction:column;justify-content:center;}}<\/style>\n<div class=\"wp-block-kadence-column inner-column-2 kadence-column_7ee841-e5\"><div class=\"kt-inside-inner-col\">\n<p>Wir sind eine GmbH! Das hei\u00dft:<strong> Bei Zahlungen an uns entf\u00e4llt IHRE Abgabenpflicht gegen\u00fcber der K\u00fcnstlersozialkasse.<\/strong> Sie erhalten keine Zahlungsauforderungen zur Nachzahlung eines festgesetzten Anteils an die K\u00fcnstersozialkasse! Auch bei sp\u00e4teren Betriebspr\u00fcfungen drohen Ihnen keine Nachforderungen wg. unser T\u00e4tigkeit! <a rel=\"noreferrer noopener\" href=\"https:\/\/www.kuenstlersozialabgabe-hilfe.de\/\" target=\"_blank\">Informationen zur KSK<\/a>.<\/p>\n<\/div><\/div>\n<\/div><\/div><\/div>\n\n\n\n<p class=\"has-small-font-size\"><em>Info: Aus rechtlichen Gr\u00fcnden k\u00f6nnen Drohnenbilder u. -Videos nur von eigenen Objekten fotografiert werden bzw. Sie m\u00fcssen eine Einverst\u00e4ndnis-Erkl\u00e4rung des Eigent\u00fcmers vorweisen. Der Drohnenf\u00fchrer ist beim Luftfahrt-Bundesamt LBA als Betreiber f\u00fcr UAS \/ Unmanned Aircraft Systeme registriert.<\/em><\/p>\n\n\n\n<p class=\"has-large-font-size\">F\u00fcr Anfragen und Angebot &#8211; Kontakten Sie uns:<\/p>\n\n\n\n<p class=\"has-large-font-size\">Tel: <a href=\"tel:+495136802421\">05136 802421<\/a> oder <a href=\"mailto:info@art-events.de\">info@art-events.de<\/a><\/p>\n","protected":false},"excerpt":{"rendered":"<p>Spezial Bilder u. Videos: Unterwasser u. Drohnenbilder Ob unter Wasser oder in der Luft &#8211; wir bieten: Drohnenbilder Ihrer Objekte und Liegenschaften Tauchbilder und Unterwasser Dokumentationen Modernste Unterwassercameras und Drohnentechnik f\u00fcr Luftbild Foto u. Videoaufnahmen. 12&#8230;48-MP-Kameras oder 4K Videotechnik liefern beindruckende Inhalte. Durch aktuelle Cameratechnik auf motorisierten 3-Achsen-Kardanantrieben erhalten Sie aus (fast) jeder Entfernung atemberaubende &#8230; <a title=\"Special Picture Service\" class=\"read-more\" href=\"https:\/\/www.art-events.de\/de\/home\/special-picture-service\/\" aria-label=\"Mehr dazu unter Special Picture Service\">Weiterlesen<\/a><\/p>\n","protected":false},"author":2,"featured_media":0,"parent":39,"menu_order":0,"comment_status":"closed","ping_status":"closed","template":"template-fullwidth.php","meta":{"footnotes":""},"class_list":["post-224","page","type-page","status-publish"],"aioseo_notices":[],"_links":{"self":[{"href":"https:\/\/www.art-events.de\/de\/wp-json\/wp\/v2\/pages\/224","targetHints":{"allow":["GET"]}}],"collection":[{"href":"https:\/\/www.art-events.de\/de\/wp-json\/wp\/v2\/pages"}],"about":[{"href":"https:\/\/www.art-events.de\/de\/wp-json\/wp\/v2\/types\/page"}],"author":[{"embeddable":true,"href":"https:\/\/www.art-events.de\/de\/wp-json\/wp\/v2\/users\/2"}],"replies":[{"embeddable":true,"href":"https:\/\/www.art-events.de\/de\/wp-json\/wp\/v2\/comments?post=224"}],"version-history":[{"count":0,"href":"https:\/\/www.art-events.de\/de\/wp-json\/wp\/v2\/pages\/224\/revisions"}],"up":[{"embeddable":true,"href":"https:\/\/www.art-events.de\/de\/wp-json\/wp\/v2\/pages\/39"}],"wp:attachment":[{"href":"https:\/\/www.art-events.de\/de\/wp-json\/wp\/v2\/media?parent=224"}],"curies":[{"name":"wp","href":"https:\/\/api.w.org\/{rel}","templated":true}]}}